{"id":1581,"date":"2025-01-28T19:20:23","date_gmt":"2025-01-28T18:20:23","guid":{"rendered":"https:\/\/www.kraftvoll.digital\/clients\/knife_test\/?page_id=1581"},"modified":"2025-11-03T16:25:29","modified_gmt":"2025-11-03T15:25:29","slug":"impressum","status":"publish","type":"page","link":"https:\/\/knife-solingen.eu\/en\/impressum\/","title":{"rendered":"Imprint"},"content":{"rendered":"<div data-elementor-type=\"wp-page\" data-elementor-id=\"1581\" class=\"elementor elementor-1581\" data-elementor-post-type=\"page\">\n\t\t\t\t<div class=\"elementor-element elementor-element-1f58806 e-flex e-con-boxed e-con e-parent\" data-id=\"1f58806\" data-element_type=\"container\" data-e-type=\"container\" data-settings=\"{&quot;background_background&quot;:&quot;classic&quot;}\">\n\t\t\t\t\t<div class=\"e-con-inner\">\n\t\t\t\t<div class=\"elementor-element elementor-element-e797537 elementor-widget elementor-widget-hub_fancy_heading\" data-id=\"e797537\" data-element_type=\"widget\" data-e-type=\"widget\" data-widget_type=\"hub_fancy_heading.default\">\n\t\t\t\t<div class=\"elementor-widget-container\">\n\t\t\t\t\t\n\t\t<div id=\"ld-fancy-heading-69fa16e386e23\" class=\"ld-fancy-heading pos-rel\">\n\t\t\t<h2 class=\"ld-fh-element d-inline-block pos-rel  elementor-heading-title lqd-highlight-classic lqd-highlight-grow-left h2\"  > Imprint<\/h2>\t\t<\/div>\n\n\t\t\t\t\t\t<\/div>\n\t\t\t\t<\/div>\n\t\t\t\t\t<\/div>\n\t\t\t\t<\/div>\n\t\t<div class=\"elementor-element elementor-element-238ffa6 e-flex e-con-boxed e-con e-parent\" data-id=\"238ffa6\" data-element_type=\"container\" data-e-type=\"container\">\n\t\t\t\t\t<div class=\"e-con-inner\">\n\t\t\t\t<div class=\"elementor-element elementor-element-f2dc337 elementor-widget elementor-widget-text-editor\" data-id=\"f2dc337\" data-element_type=\"widget\" data-e-type=\"widget\" data-widget_type=\"text-editor.default\">\n\t\t\t\t<div class=\"elementor-widget-container\">\n\t\t\t\t\t\t\t\t\t<h4>Herausgeber<\/h4><p>Stadt Solingen &#8211; Der Oberb\u00fcrgermeister<br \/>vertreten durch Herrn Daniel Flemm<br \/>Walter-Scheel-Platz 1<br \/>42651 Solingen<\/p><p>Umsatzsteueridentifikationsnr. (USt-ID-Nr.): DE &#8211; 120 871 761<\/p><h4>Postanschrift<\/h4><p>Stadt Solingen<br \/>Postfach 100165<br \/>42601 Solingen<\/p><h4>Zentrale Rufnummer\/E-Mail<\/h4><p>fon +49 212 25836-10<br \/>Zentrale E-Mail-Anschrift\u00a0<span tabindex=\"0\"><a tabindex=\"-1\" href=\"mailto:knife@solingen.de\">knife@solingen.de<\/a><\/span><\/p><h4>Internetredaktion<\/h4><p>Dr. Sixt Wetzler<br \/>SD45 Deutsches Klingenmuseum<br \/>fon +49 212 25836-12<br \/>mail\u00a0<span tabindex=\"0\"><a tabindex=\"-1\" href=\"mailto:s.wetzler@solingen.de\">s.wetzler@solingen.de<\/a><\/span><\/p><h4>Anschrift<\/h4><p>Deutsches Klingenmuseum<br \/>Klosterhof 4<br \/>42653 Solingen<\/p><h4>Webhosting<\/h4><p class=\"\">IONOS SE<br \/>Elgendorfer Str. 57<br \/>56410 Montabaur<\/p><div class=\"tw-flex\"><div class=\"tw-flex\"><div><p class=\"\">Telefon:<span style=\"color: rgb(46 67 96\/var(--tw-text-opacity)); font-size: 1rem;\">\u00a0+49 (0) 721 170 5522<\/span><\/p><\/div><\/div><\/div><div class=\"tw-flex\"><div class=\"tw-flex\"><div><p class=\"\">E-Mail: <a class=\"whitespace-nowrap tw-outline-none tw-underline tw-font-sans-regular tw-underline-offset-4 tw-text-ionos-blue-700 tw-font-normal tw-text-base tw-decoration-ionos-blue-700 tw-decoration-1 hover:tw-decoration-2 active:tw-border-none active:tw-decoration-1 disabled:tw-text-cool-grey-400 disabled:tw-decoration-cool-grey-400 focus-visible:tw-border-2 focus-visible:tw-rounded-lg focus-visible:tw-underline-offset-2 focus-visible:tw-border-ionos-blue-700 focus-visible:tw-shadow-ionos-blue-400\" style=\"font-size: 1rem;\" tabindex=\"-1\" title=\"info@ionos.de\" href=\"mailto:info@ionos.de\" data-testid=\"navigation-link-name-info@ionos.de\" data-linkid=\"ct.txt.0.info-ionos-de\" data-onpagelink=\"0\">info@ionos.de<\/a><\/p><\/div><\/div><\/div><h4>Urheberrecht<\/h4><p>Layout und Inhalt des Internetangebots des Klingenmuseum Solingen sind urheberrechtlich gesch\u00fctzt. Die Vervielf\u00e4ltigung von Informationen und Daten, insbesondere die Verwendung von Texten, Ausschnitten von Texten sowie Bildmaterial ist nur mit vorheriger schriftlicher Zustimmung der Klingenstadt Solingen gestattet.<\/p><h4>Hinweise zu Verweisen und Links<\/h4><p>Diese Webseite enth\u00e4lt als Information auch entsprechend gekennzeichnete Links oder Verweise auf Webseiten Dritter. Die Verantwortlichkeit f\u00fcr diese fremden Inhalte liegt alleine bei dem Anbieter, der die Inhalte bereith\u00e4lt. Die Stadt Solingen vermittelt lediglich den Zugang zur Nutzung dieser Inhalte und hat keinen Einfluss auf die fremden Inhalte. F\u00fcr illegale, fehlerhafte oder unvollst\u00e4ndige Inhalte und insbesondere Sch\u00e4den, die aus der Nutzung oder Nichtnutzung von Informationen Dritter entstehen, haftet allein der Anbieter der Seite, auf welche verwiesen wurde, nicht derjenige, der \u00fcber Links auf die jeweilige Ver\u00f6ffentlichung lediglich verweist.<\/p><h4>Bildquellen<\/h4><p>Die Klingenstadt Solingen verwendet f\u00fcr den Internetauftritt eigene Bilder und Grafiken sowie aus externen Quellen. Sofern die Nennung der Quelle nicht im Zusammenhang mit dem Bild erfolgt, wird diese im Folgenden genannt. Sollte durch ein Versehen ein Quellenhinweis fehlen, so bitten wir Sie um eine kurze Nachricht. Selbstverst\u00e4ndlich werden wir den fehlenden Quellenhinweis unverz\u00fcglich erg\u00e4nzen.<\/p><p>Leon Sinowenka, Solingen (<span tabindex=\"0\"><a tabindex=\"-1\" href=\"http:\/\/www.sinowenka.de\/\" target=\"_blank\" rel=\"noopener noreferrer\">www.sinowenka.de<\/a><\/span>): Fotos R\u00e4ume, Personen und Szenen<\/p><p>Lex Aliviado (<a href=\"https:\/\/www.lexaliviado.com\">www.lexaliviado.com<\/a>): Fotos Personen, Objekte &amp; Szenen<\/p><p>Lutz Hoffmeister, Deutsches Klingenmuseum: Fotos Objekte<\/p><p>Stephan Kube, Greven (<span tabindex=\"0\"><a tabindex=\"-1\" href=\"http:\/\/www.sqb.de\/\" target=\"_blank\" rel=\"noopener noreferrer\">www.sqb.de<\/a><\/span>): Fotos Kirchenschatz<\/p><p>Sehbaer_nrw (Adobe Stock): Foto Gr\u00e4frath<\/p><p>J\u00fcrgen Hoffmann, \u00a9 LVR: Foto LVR Industriemuseum<\/p><p>Galileum Solingen: Foto Galileum Solingen<\/p><p>Bildrechte der Produktfotos jeweils bei den Hersteller:innen.<\/p>\t\t\t\t\t\t\t\t<\/div>\n\t\t\t\t<\/div>\n\t\t\t\t\t<\/div>\n\t\t\t\t<\/div>\n\t\t\t\t<\/div>","protected":false},"excerpt":{"rendered":"<p>Impressum Herausgeber Stadt Solingen &#8211; Der Oberb\u00fcrgermeistervertreten durch Herrn Daniel FlemmWalter-Scheel-Platz 142651 Solingen Umsatzsteueridentifikationsnr. (USt-ID-Nr.): DE &#8211; 120 871 761 Postanschrift Stadt SolingenPostfach 10016542601 Solingen Zentrale Rufnummer\/E-Mail fon +49 212 25836-10Zentrale E-Mail-Anschrift\u00a0knife@solingen.de Internetredaktion Dr. Sixt WetzlerSD45 Deutsches Klingenmuseumfon +49 212 25836-12mail\u00a0s.wetzler@solingen.de Anschrift Deutsches KlingenmuseumKlosterhof 442653 Solingen Webhosting IONOS SEElgendorfer Str. 5756410 Montabaur Telefon:\u00a0+49 (0) 721 [&hellip;]<\/p>\n","protected":false},"author":2,"featured_media":0,"parent":0,"menu_order":0,"comment_status":"closed","ping_status":"closed","template":"elementor_header_footer","meta":{"footnotes":""},"class_list":["post-1581","page","type-page","status-publish","hentry"],"_links":{"self":[{"href":"https:\/\/knife-solingen.eu\/en\/wp-json\/wp\/v2\/pages\/1581","targetHints":{"allow":["GET"]}}],"collection":[{"href":"https:\/\/knife-solingen.eu\/en\/wp-json\/wp\/v2\/pages"}],"about":[{"href":"https:\/\/knife-solingen.eu\/en\/wp-json\/wp\/v2\/types\/page"}],"author":[{"embeddable":true,"href":"https:\/\/knife-solingen.eu\/en\/wp-json\/wp\/v2\/users\/2"}],"replies":[{"embeddable":true,"href":"https:\/\/knife-solingen.eu\/en\/wp-json\/wp\/v2\/comments?post=1581"}],"version-history":[{"count":20,"href":"https:\/\/knife-solingen.eu\/en\/wp-json\/wp\/v2\/pages\/1581\/revisions"}],"predecessor-version":[{"id":3795,"href":"https:\/\/knife-solingen.eu\/en\/wp-json\/wp\/v2\/pages\/1581\/revisions\/3795"}],"wp:attachment":[{"href":"https:\/\/knife-solingen.eu\/en\/wp-json\/wp\/v2\/media?parent=1581"}],"curies":[{"name":"wp","href":"https:\/\/api.w.org\/{rel}","templated":true}]}}