{"id":1742,"date":"2025-02-17T13:15:25","date_gmt":"2025-02-17T12:15:25","guid":{"rendered":"https:\/\/www.kraftvoll.digital\/clients\/knife_test\/revocation\/"},"modified":"2026-02-18T12:09:45","modified_gmt":"2026-02-18T11:09:45","slug":"revocation","status":"publish","type":"page","link":"https:\/\/knife-solingen.eu\/en\/revocation\/","title":{"rendered":"Cancellation Policy"},"content":{"rendered":"<div data-elementor-type=\"wp-page\" data-elementor-id=\"1742\" class=\"elementor elementor-1742\" data-elementor-post-type=\"page\">\n\t\t\t\t<div class=\"elementor-element elementor-element-99106a0 e-flex e-con-boxed e-con e-parent\" data-id=\"99106a0\" data-element_type=\"container\" data-e-type=\"container\" data-no-translation=\"\">\n\t\t\t\t\t<div class=\"e-con-inner\">\n\t\t<div class=\"elementor-element elementor-element-9bc3dcd e-con-full e-flex e-con e-child\" data-id=\"9bc3dcd\" data-element_type=\"container\" data-e-type=\"container\">\n\t\t\t\t<div class=\"elementor-element elementor-element-ec6fe7a elementor-widget elementor-widget-spacer\" data-id=\"ec6fe7a\" data-element_type=\"widget\" data-e-type=\"widget\" data-widget_type=\"spacer.default\">\n\t\t\t\t<div class=\"elementor-widget-container\">\n\t\t\t\t\t\t\t<div class=\"elementor-spacer\">\n\t\t\t<div class=\"elementor-spacer-inner\"><\/div>\n\t\t<\/div>\n\t\t\t\t\t\t<\/div>\n\t\t\t\t<\/div>\n\t\t\t\t<div class=\"elementor-element elementor-element-fead626 elementor-widget elementor-widget-heading\" data-id=\"fead626\" data-element_type=\"widget\" data-e-type=\"widget\" data-widget_type=\"heading.default\">\n\t\t\t\t<div class=\"elementor-widget-container\">\n\t\t\t\t\t<h4 class=\"elementor-heading-title elementor-size-default\">Cancellation policy<\/h4>\t\t\t\t<\/div>\n\t\t\t\t<\/div>\n\t\t\t\t<div class=\"elementor-element elementor-element-8e667c8 elementor-widget elementor-widget-text-editor\" data-id=\"8e667c8\" data-element_type=\"widget\" data-e-type=\"widget\" data-widget_type=\"text-editor.default\">\n\t\t\t\t<div class=\"elementor-widget-container\">\n\t\t\t\t\t\t\t\t\t<h5>Right of withdrawal for consumers<\/h5><p>Consumers are generally entitled to a right of withdrawal.<\/p><p>A consumer is any natural person who enters into a legal transaction for purposes that are predominantly neither commercial nor their independent professional activity (\u00a7 13 BGB).<\/p><h5>Exclusion of the right of withdrawal for event services<\/h5><p>The right of withdrawal does not apply to contracts for the provision of services in connection with leisure, trade fair or event services if the contract provides for a specific date or period for the provision of services (Section 312g (2) No. 9 BGB).<\/p><p>This includes in particular:<\/p><p>the booking of stand space and exhibition space<\/p><p>Stand accessories and trade fair-related additional services<\/p><p>Marketing and advertising services (e.g. marketing boosters)<\/p><p>Additional exhibitor or admission tickets<\/p><p>The services offered are directly related to the KNIFE event and are fixed in terms of time and organisation.<\/p><p>Therefore, there is no right of withdrawal, even for consumers.<\/p><h5>Binding nature of the booking<\/h5><p>By completing the booking, the exhibitor expressly acknowledges that:\u00a0this is a binding, chargeable booking,\u00a0the services are time-bound and event-related, revocation or cancellation is excluded, no refund \u2013 even partial \u2013 will be made unless expressly agreed otherwise in writing.<\/p>\t\t\t\t\t\t\t\t<\/div>\n\t\t\t\t<\/div>\n\t\t\t\t<div class=\"elementor-element elementor-element-4535bc4 elementor-widget elementor-widget-spacer\" data-id=\"4535bc4\" data-element_type=\"widget\" data-e-type=\"widget\" data-widget_type=\"spacer.default\">\n\t\t\t\t<div class=\"elementor-widget-container\">\n\t\t\t\t\t\t\t<div class=\"elementor-spacer\">\n\t\t\t<div class=\"elementor-spacer-inner\"><\/div>\n\t\t<\/div>\n\t\t\t\t\t\t<\/div>\n\t\t\t\t<\/div>\n\t\t\t\t<\/div>\n\t\t\t\t\t<\/div>\n\t\t\t\t<\/div>\n\t\t\t\t<\/div>","protected":false},"excerpt":{"rendered":"<p>Widerrufsbelehrung Widerrufsrecht f\u00fcr Verbraucher Verbrauchern steht grunds\u00e4tzlich ein Widerrufsrecht zu. Verbraucher ist jede nat\u00fcrliche Person, die ein Rechtsgesch\u00e4ft zu Zwecken abschlie\u00dft, die \u00fcberwiegend weder ihrer gewerblichen noch ihrer selbst\u00e4ndigen beruflichen T\u00e4tigkeit zugerechnet werden k\u00f6nnen (\u00a7 13 BGB). Ausschluss des Widerrufsrechts bei Veranstaltungsleistungen Das Widerrufsrecht besteht nicht bei Vertr\u00e4gen zur Erbringung von Dienstleistungen im Zusammenhang mit [&hellip;]<\/p>\n","protected":false},"author":1,"featured_media":0,"parent":0,"menu_order":0,"comment_status":"closed","ping_status":"closed","template":"","meta":{"footnotes":""},"class_list":["post-1742","page","type-page","status-publish","hentry"],"_links":{"self":[{"href":"https:\/\/knife-solingen.eu\/en\/wp-json\/wp\/v2\/pages\/1742","targetHints":{"allow":["GET"]}}],"collection":[{"href":"https:\/\/knife-solingen.eu\/en\/wp-json\/wp\/v2\/pages"}],"about":[{"href":"https:\/\/knife-solingen.eu\/en\/wp-json\/wp\/v2\/types\/page"}],"author":[{"embeddable":true,"href":"https:\/\/knife-solingen.eu\/en\/wp-json\/wp\/v2\/users\/1"}],"replies":[{"embeddable":true,"href":"https:\/\/knife-solingen.eu\/en\/wp-json\/wp\/v2\/comments?post=1742"}],"version-history":[{"count":21,"href":"https:\/\/knife-solingen.eu\/en\/wp-json\/wp\/v2\/pages\/1742\/revisions"}],"predecessor-version":[{"id":4211,"href":"https:\/\/knife-solingen.eu\/en\/wp-json\/wp\/v2\/pages\/1742\/revisions\/4211"}],"wp:attachment":[{"href":"https:\/\/knife-solingen.eu\/en\/wp-json\/wp\/v2\/media?parent=1742"}],"curies":[{"name":"wp","href":"https:\/\/api.w.org\/{rel}","templated":true}]}}