{"id":1957,"date":"2025-03-10T19:39:11","date_gmt":"2025-03-10T18:39:11","guid":{"rendered":"https:\/\/www.kraftvoll.digital\/clients\/knife_test\/?page_id=1957"},"modified":"2026-02-10T14:41:41","modified_gmt":"2026-02-10T13:41:41","slug":"the-knife","status":"publish","type":"page","link":"https:\/\/knife-solingen.eu\/en\/the-knife\/","title":{"rendered":"THE KNIFE"},"content":{"rendered":"<div data-elementor-type=\"wp-page\" data-elementor-id=\"1957\" class=\"elementor elementor-1957\" data-elementor-post-type=\"page\">\n\t\t\t\t<div class=\"elementor-element elementor-element-6cb563c e-flex e-con-boxed e-con e-parent\" data-id=\"6cb563c\" data-element_type=\"container\" data-e-type=\"container\" data-settings=\"{&quot;background_background&quot;:&quot;classic&quot;,&quot;shape_divider_bottom&quot;:&quot;lqd-custom-shape-8&quot;}\">\n\t\t\t\t\t<div class=\"e-con-inner\">\n\t\t\t\t<div class=\"elementor-shape elementor-shape-bottom\" aria-hidden=\"true\" data-negative=\"false\">\n\t\t\t<svg class=\"lqd-custom-shape\" xmlns=\"http:\/\/www.w3.org\/2000\/svg\" viewbox=\"0 0 1440 100\" preserveaspectratio=\"none\">\n    <path class=\"elementor-shape-fill\" id=\"Row_Separator\" data-name=\"Row Separator\" d=\"M1440,0Q1080,99,720,99T0,0V100H1440Z\" \/>\n<\/svg>\t\t<\/div>\n\t\t\t\t<div class=\"elementor-element elementor-element-9c8fdcb elementor-widget elementor-widget-hub_fancy_heading\" data-id=\"9c8fdcb\" data-element_type=\"widget\" data-e-type=\"widget\" data-no-translation=\"\" data-widget_type=\"hub_fancy_heading.default\">\n\t\t\t\t<div class=\"elementor-widget-container\">\n\t\t\t\t\t\n\t\t<div id=\"ld-fancy-heading-69fa16b3e6015\" class=\"ld-fancy-heading pos-rel\">\n\t\t\t<h1 class=\"ld-fh-element d-inline-block pos-rel  elementor-heading-title lqd-highlight-classic lqd-highlight-grow-left h1\"  > About the KNIFE<\/h1>\t\t<\/div>\n\n\t\t\t\t\t\t<\/div>\n\t\t\t\t<\/div>\n\t\t\t\t<div class=\"elementor-element elementor-element-e32c90c elementor-widget elementor-widget-hub_fancy_heading\" data-id=\"e32c90c\" data-element_type=\"widget\" data-e-type=\"widget\" data-no-translation=\"\" data-widget_type=\"hub_fancy_heading.default\">\n\t\t\t\t<div class=\"elementor-widget-container\">\n\t\t\t\t\t<style>.elementor-element-e32c90c{display:none !important}<\/style>\t\t\t\t<\/div>\n\t\t\t\t<\/div>\n\t\t\t\t\t<\/div>\n\t\t\t\t<\/div>\n\t\t<div class=\"elementor-element elementor-element-a9cfc62 e-flex e-con-boxed e-con e-parent\" data-id=\"a9cfc62\" data-element_type=\"container\" data-e-type=\"container\" data-no-translation=\"\">\n\t\t\t\t\t<div class=\"e-con-inner\">\n\t\t\t\t<div class=\"elementor-element elementor-element-17340ca elementor-widget elementor-widget-text-editor\" data-id=\"17340ca\" data-element_type=\"widget\" data-e-type=\"widget\" data-widget_type=\"text-editor.default\">\n\t\t\t\t<div class=\"elementor-widget-container\">\n\t\t\t\t\t\t\t\t\t<p><strong>KNIFE SOLINGEN<\/strong> is one of the largest sales fairs for knife manufacturers and knifemakers in Europe. Each year, the KNIFE brings together leading blade makers, renowned brands, and emerging talents in Solingen, the traditional city of blades. With exhibitors from over 25 countries, the fair offers an international environment for professionals, collectors, and knife enthusiasts.<\/p><p>Visitors can experience the entire world of knives: from handcrafted unique pieces to state-of-the-art cutting tools and innovative materials and techniques. The KNIFE stands for top-quality products, captivating live demonstrations, exciting expert talks, and direct interaction with well-known and experienced knifemakers.Whether for craftsmanship, hunting, outdoor activities, or everyday use \u2013 the KNIFE is the place where tradition meets innovation.<\/p>\t\t\t\t\t\t\t\t<\/div>\n\t\t\t\t<\/div>\n\t\t\t\t\t<\/div>\n\t\t\t\t<\/div>\n\t\t\t\t<\/div>","protected":false},"excerpt":{"rendered":"<p>Die KNIFE SOLINGEN\u00a0ist eine der gr\u00f6\u00dften Verkaufsmesse f\u00fcr Messerhersteller und Messermacher:innen in Europa. Jedes Jahr versammelt die KNIFE f\u00fchrende Klingenmacher:innen, renommierte Marken und aufstrebende Talente in Solingen, der traditionsreichen Klingenstadt. Mit Aussteller:innen aus \u00fcber 25 L\u00e4ndern bietet die Messe ein internationales Umfeld f\u00fcr Profis, Sammler und Messer-Enthusiasten. Besucher erleben die gesamte Welt der Messer: von [&hellip;]<\/p>\n","protected":false},"author":2,"featured_media":0,"parent":0,"menu_order":0,"comment_status":"closed","ping_status":"closed","template":"elementor_header_footer","meta":{"footnotes":""},"class_list":["post-1957","page","type-page","status-publish","hentry"],"_links":{"self":[{"href":"https:\/\/knife-solingen.eu\/en\/wp-json\/wp\/v2\/pages\/1957","targetHints":{"allow":["GET"]}}],"collection":[{"href":"https:\/\/knife-solingen.eu\/en\/wp-json\/wp\/v2\/pages"}],"about":[{"href":"https:\/\/knife-solingen.eu\/en\/wp-json\/wp\/v2\/types\/page"}],"author":[{"embeddable":true,"href":"https:\/\/knife-solingen.eu\/en\/wp-json\/wp\/v2\/users\/2"}],"replies":[{"embeddable":true,"href":"https:\/\/knife-solingen.eu\/en\/wp-json\/wp\/v2\/comments?post=1957"}],"version-history":[{"count":46,"href":"https:\/\/knife-solingen.eu\/en\/wp-json\/wp\/v2\/pages\/1957\/revisions"}],"predecessor-version":[{"id":4019,"href":"https:\/\/knife-solingen.eu\/en\/wp-json\/wp\/v2\/pages\/1957\/revisions\/4019"}],"wp:attachment":[{"href":"https:\/\/knife-solingen.eu\/en\/wp-json\/wp\/v2\/media?parent=1957"}],"curies":[{"name":"wp","href":"https:\/\/api.w.org\/{rel}","templated":true}]}}