{"id":1992,"date":"2025-03-11T09:50:51","date_gmt":"2025-03-11T08:50:51","guid":{"rendered":"https:\/\/www.kraftvoll.digital\/clients\/knife_test\/?page_id=1992"},"modified":"2026-04-22T12:37:40","modified_gmt":"2026-04-22T10:37:40","slug":"anfahrt-und-uebernachtung","status":"publish","type":"page","link":"https:\/\/knife-solingen.eu\/en\/anfahrt-und-uebernachtung\/","title":{"rendered":"Anfahrt und \u00dcbernachtung"},"content":{"rendered":"\t\t<div data-elementor-type=\"wp-page\" data-elementor-id=\"1992\" class=\"elementor elementor-1992\" data-elementor-post-type=\"page\">\n\t\t\t\t<div class=\"elementor-element elementor-element-4415ddd e-flex e-con-boxed e-con e-parent\" data-id=\"4415ddd\" data-element_type=\"container\" data-e-type=\"container\" data-settings=\"{&quot;background_background&quot;:&quot;classic&quot;}\" data-no-translation=\"\">\n\t\t\t\t\t<div class=\"e-con-inner\">\n\t\t\t\t<div class=\"elementor-element elementor-element-f3d9acd elementor-widget elementor-widget-hub_fancy_heading\" data-id=\"f3d9acd\" data-element_type=\"widget\" data-e-type=\"widget\" data-widget_type=\"hub_fancy_heading.default\">\n\t\t\t\t<div class=\"elementor-widget-container\">\n\t\t\t\t\t\n\t\t<div id=\"ld-fancy-heading-69fa1773589d3\" class=\"ld-fancy-heading pos-rel\">\n\t\t\t<h2 class=\"ld-fh-element d-inline-block pos-rel  elementor-heading-title lqd-highlight-classic lqd-highlight-grow-left h1\"  > Getting there &amp; Accomodation<\/h2>\t\t<\/div>\n\n\t\t\t\t\t\t<\/div>\n\t\t\t\t<\/div>\n\t\t\t\t\t<\/div>\n\t\t\t\t<\/div>\n\t\t<div class=\"elementor-element elementor-element-850b214 e-flex e-con-boxed e-con e-parent\" data-id=\"850b214\" data-element_type=\"container\" data-e-type=\"container\" data-settings=\"{&quot;background_background&quot;:&quot;classic&quot;}\" data-no-translation=\"\">\n\t\t\t\t\t<div class=\"e-con-inner\">\n\t\t<div class=\"lqd-css-sticky elementor-element elementor-element-91df988 e-con-full e-flex e-con e-child\" style=\"top: auto; top: 130px;\" data-id=\"91df988\" data-element_type=\"container\" data-e-type=\"container\">\n\t\t\t\t<div class=\"elementor-element elementor-element-b0cac74 elementor-widget__width-initial elementor-widget elementor-widget-ld_fancy_image\" data-id=\"b0cac74\" data-element_type=\"widget\" data-e-type=\"widget\" data-widget_type=\"ld_fancy_image.default\">\n\t\t\t\t<div class=\"elementor-widget-container\">\n\t\t\t\t\t\n\t\t<div class=\"lqd-imggrp-single d-block pos-rel perspective\" data-hover3d=\"true\">\n\t\t\t<div class=\"lqd-imggrp-img-container d-inline-flex pos-rel align-items-center justify-content-center transform-style-3d\">\n\t\t\t\t\t\t\t\t<figure class=\"w-100 pos-rel\" data-stacking-factor=\"1\">\n\t\t\t\t\t<img fetchpriority=\"high\" decoding=\"async\" width=\"2048\" height=\"1365\" src=\"data:image\/svg+xml;charset=utf-8,%3Csvg xmlns%3D&#039;http%3A%2F%2Fwww.w3.org%2F2000%2Fsvg&#039; viewBox%3D&#039;0 0 2048 1365&#039;%2F%3E\" class=\"attachment-full size-full wp-image-548 ld-lazyload\" alt=\"\" itemprop=\"image\" data-src=\"https:\/\/knife-solingen.eu\/wp-content\/uploads\/2024\/05\/xxlarge_sp0867_077_ae8de3b43b.jpg\" data-srcset=\"https:\/\/knife-solingen.eu\/wp-content\/uploads\/2024\/05\/xxlarge_sp0867_077_ae8de3b43b.jpg 2048w, https:\/\/knife-solingen.eu\/wp-content\/uploads\/2024\/05\/xxlarge_sp0867_077_ae8de3b43b-300x200.jpg 300w, https:\/\/knife-solingen.eu\/wp-content\/uploads\/2024\/05\/xxlarge_sp0867_077_ae8de3b43b-1024x683.jpg 1024w, https:\/\/knife-solingen.eu\/wp-content\/uploads\/2024\/05\/xxlarge_sp0867_077_ae8de3b43b-18x12.jpg 18w, https:\/\/knife-solingen.eu\/wp-content\/uploads\/2024\/05\/xxlarge_sp0867_077_ae8de3b43b-1536x1024.jpg 1536w, https:\/\/knife-solingen.eu\/wp-content\/uploads\/2024\/05\/xxlarge_sp0867_077_ae8de3b43b-720x480.jpg 720w, https:\/\/knife-solingen.eu\/wp-content\/uploads\/2024\/05\/xxlarge_sp0867_077_ae8de3b43b-600x400.jpg 600w\" data-sizes=\"(max-width: 2048px) 100vw, 2048px\" data-aspect=\"1.5003663003663\" \/>\t\t\t\t\t\t\t\t\t\t\t\t\t\t\t\t\t\t\t\t\t\t\t\t\t\t\t\t\t<\/figure>\n\t\t\t<\/div>\n\t\t<\/div>\n\n\t\t\t\t\t<\/div>\n\t\t\t\t<\/div>\n\t\t\t\t<\/div>\n\t\t<div data-custom-animations=\"true\" data-ca-options=\"{&quot;addChildTimelines&quot;:false,&quot;trigger&quot;:&quot;firstChild&quot;,&quot;animationTarget&quot;:&quot;:scope  &gt; .elementor-element:not(.lqd-exclude-parent-ca) &gt; .elementor-widget-container, :scope  &gt; .elementor-widget-hub_fancy_heading .lqd-split-lines .lqd-lines .split-inner, :scope  &gt; .elementor-widget-hub_fancy_heading .lqd-split-words .lqd-words .split-inner, :scope  &gt; .elementor-widget-hub_fancy_heading .lqd-split-chars .lqd-chars .split-inner, :scope  &gt; .elementor-widget-hub_fancy_heading .lqd-adv-txt-fig, :scope  &gt; .elementor-widget-ld_custom_menu .lqd-fancy-menu &gt; ul &gt; li, :scope .e-con:not([data-parallax]) .elementor-element &gt; .elementor-widget-container, :scope .e-con:not([data-parallax]) .elementor-widget-hub_fancy_heading .lqd-split-lines .lqd-lines .split-inner, :scope .e-con:not([data-parallax]) .elementor-widget-hub_fancy_heading .lqd-split-words .lqd-words .split-inner, :scope .e-con:not([data-parallax]) .elementor-widget-hub_fancy_heading .lqd-split-chars .lqd-chars .split-inner, :scope .e-con:not([data-parallax]) .elementor-widget-ld_custom_menu .lqd-fancy-menu &gt; ul &gt; li&quot;,&quot;duration&quot;:1000,&quot;startDelay&quot;:300,&quot;delay&quot;:60,&quot;ease&quot;:&quot;expo.out&quot;,&quot;initValues&quot;:{&quot;y&quot;:&quot;30px&quot;,&quot;scaleY&quot;:1.1,&quot;opacity&quot;:0,&quot;transformOrigin&quot;:&quot;50% 50% 0px&quot;},&quot;animations&quot;:{&quot;y&quot;:&quot;0px&quot;,&quot;scaleY&quot;:1,&quot;opacity&quot;:1,&quot;transformOrigin&quot;:&quot;50% 50% 0px&quot;}}\" class=\"elementor-element elementor-element-0d9dba5 e-con-full e-flex e-con e-child\" data-id=\"0d9dba5\" data-element_type=\"container\" data-e-type=\"container\">\n\t\t\t\t<div class=\"elementor-element elementor-element-8ca1e10 elementor-widget elementor-widget-hub_fancy_heading\" data-id=\"8ca1e10\" data-element_type=\"widget\" data-e-type=\"widget\" data-widget_type=\"hub_fancy_heading.default\">\n\t\t\t\t<div class=\"elementor-widget-container\">\n\t\t\t\t\t\n\t\t<div id=\"ld-fancy-heading-69fa1773668ec\" class=\"ld-fancy-heading pos-rel\">\n\t\t\t<h2 class=\"ld-fh-element d-inline-block pos-rel  elementor-heading-title lqd-highlight-classic lqd-highlight-grow-left h2\"  > Getting there\n<\/h2>\t\t<\/div>\n\n\t\t\t\t\t\t<\/div>\n\t\t\t\t<\/div>\n\t\t\t\t<div class=\"elementor-element elementor-element-5d1183a elementor-widget elementor-widget-text-editor\" data-id=\"5d1183a\" data-element_type=\"widget\" data-e-type=\"widget\" data-widget_type=\"text-editor.default\">\n\t\t\t\t<div class=\"elementor-widget-container\">\n\t\t\t\t\t\t\t\t\t<p>Event location:<br \/><strong>Eissporthalle Solingen<\/strong><br \/><strong>Br\u00fchler Stra\u00dfe 20<\/strong><br \/><strong>42657 Solingen<\/strong><\/p><p>The &#8222;Eissporthalle Solingen&#8220; (Solingen ice rink) is located in the heart of the city.<br \/>It is easily accessible by public transport and car.<\/p><p><strong>Public transport:<\/strong><br \/>Bus stop and train station &#8222;Solingen Mitte&#8220; are only a few metres from the event location. We recommend using the &#8222;DB Navigator&#8220; app to plan your arrival with bus or train. Available in several languages for <a href=\"https:\/\/play.google.com\/store\/apps\/details?id=de.hafas.android.db\">Android<\/a>, <a href=\"https:\/\/apps.apple.com\/de\/app\/db-navigator\/id343555245\">iPhone<\/a>, and <a href=\"https:\/\/appgallery.huawei.com\/#\/app\/C103174615?dbkanal_007=teaserBlock_4-3_button_FrHuawei\">Huawei<\/a>.<\/p><p><strong>Parking:<\/strong><br \/>A <strong>dedicated car park<\/strong> will be available approx. 1 km away from the event location.<br \/>A <strong>bus shuttle<\/strong> will bring you from there to KNIFE.<br \/>Address: <strong>Kotter Str. 9, 42655 Solingen<\/strong> (Parkplatz Weyersberg\/Klingenhalle)<br \/>Parking fee: 8,- EUR per day<\/p><p>Further parking areas can be found in the city:<\/p><ul><li>smaller parking areas around the event location, please use your personal navigation system<\/li><li>Tiefgarage Shoppingcenter Hofgarten, Weyersberger Str., 42655 Solingen<br \/>(700 m from KNIFE, open 24\/7)<\/li><li>Tiefgarage Bachtor Center, Goerdelerstra\u00dfe 19, 42651 Solingen<br \/>(500 m from KNIFE, closed on Sundays)<\/li><\/ul>\t\t\t\t\t\t\t\t<\/div>\n\t\t\t\t<\/div>\n\t\t\t\t<div class=\"elementor-element elementor-element-9166e1c elementor-widget elementor-widget-hub_fancy_heading\" data-id=\"9166e1c\" data-element_type=\"widget\" data-e-type=\"widget\" data-widget_type=\"hub_fancy_heading.default\">\n\t\t\t\t<div class=\"elementor-widget-container\">\n\t\t\t\t\t\n\t\t<div id=\"ld-fancy-heading-69fa177367d1a\" class=\"ld-fancy-heading pos-rel\">\n\t\t\t<h2 class=\"ld-fh-element d-inline-block pos-rel  elementor-heading-title lqd-highlight-classic lqd-highlight-grow-left h2\"  > Accomodation<\/h2>\t\t<\/div>\n\n\t\t\t\t\t\t<\/div>\n\t\t\t\t<\/div>\n\t\t\t\t<div class=\"elementor-element elementor-element-db3193e elementor-widget elementor-widget-text-editor\" data-id=\"db3193e\" data-element_type=\"widget\" data-e-type=\"widget\" data-widget_type=\"text-editor.default\">\n\t\t\t\t<div class=\"elementor-widget-container\">\n\t\t\t\t\t\t\t\t\t<table width=\"385\"><tbody><tr><td width=\"254\"><strong>Hotels in and around Solingen<\/strong><\/td><td width=\"131\"><strong>Distance from KNIFE<\/strong><\/td><\/tr><tr><td width=\"254\"><a href=\"http:\/\/www.solinger-hof.de\/\">Hotel Solinger Hof<\/a><\/td><td>0,6 km<\/td><\/tr><tr><td width=\"254\"><a href=\"https:\/\/www.novum-hotels.com\/the-niu-hotel-blade-solingen\">Holiday Inn &#8211; the niu, Blade Solingen by IHG<\/a><\/td><td>2 km<\/td><\/tr><tr><td width=\"254\"><a href=\"https:\/\/www.juststay.de\/\">JustStay Solingen Hotel &amp; Apartments<\/a><\/td><td>4 km<\/td><\/tr><tr><td width=\"254\"><a href=\"https:\/\/hotelhoelschersolingen.de\/\">Hotel H\u00f6lscher<\/a><\/td><td>5,1 km<\/td><\/tr><tr><td width=\"254\"><a href=\"https:\/\/hotel-graefratherhof.de\/\">Hotel Gr\u00e4frather Hof GmbH<\/a><\/td><td>5,5 km<\/td><\/tr><tr><td width=\"254\"><a href=\"http:\/\/www.thecornisharms.de\/\">The Cornish Arms B&amp;B<\/a><\/td><td>5,5 km<\/td><\/tr><tr><td width=\"254\"><a href=\"http:\/\/zurburgstiege.de\/\">Zur Burgstiege<\/a><\/td><td>7 km<\/td><\/tr><tr><td width=\"254\"><a href=\"https:\/\/www.kempehotels.de\/de\/\">Kempe Komfort plus Hotel<\/a><\/td><td>8,3 km<\/td><\/tr><tr><td width=\"254\"><a href=\"https:\/\/hotel-laber.eatbu.com\/?lang=de\">Hotel-Restaurant-Caf\u00e9 Laber<\/a><\/td><td>9,2 km<\/td><\/tr><tr><td width=\"254\"><a href=\"https:\/\/www.ascothotel.de\/start.html\">Ascot Hotel<\/a><\/td><td>12 km<\/td><\/tr><tr><td width=\"254\"><a href=\"https:\/\/www.landhotel-lohmann.de\/\">Landhotel Lohmann<\/a><\/td><td>16 km<\/td><\/tr><\/tbody><\/table><p class=\"p1\">You can find more hotels and accommodation options in Solingen and the surrounding area <a href=\"https:\/\/www.bergisch-mal-drei.de\/en\/in-good-hands\">here<\/a>.<\/p>\t\t\t\t\t\t\t\t<\/div>\n\t\t\t\t<\/div>\n\t\t\t\t<\/div>\n\t\t\t\t\t<\/div>\n\t\t\t\t<\/div>\n\t\t\t\t<\/div>\n\t\t","protected":false},"excerpt":{"rendered":"<p>Anfahrt &amp; \u00dcbernachtung Getting there &amp; Accomodation Anfahrt Veranstaltungsort:Eissporthalle SolingenBr\u00fchler Stra\u00dfe 2042657 Solingen Die Eissporthalle Solingen liegt im Herzen der Stadt.Sie ist mit \u00f6ffentlichen Verkehrsmitteln und dem Auto gut erreichbar. \u00d6ffentliche Verkehrsmittel:Die Bushaltestelle und der Bahnhof \u201eSolingen Mitte\u201d sind nur wenige Meter vom Veranstaltungsort entfernt. Wir empfehlen Ihnen, die App \u201eDB Navigator\u201d zu nutzen, um [&hellip;]<\/p>\n","protected":false},"author":2,"featured_media":0,"parent":0,"menu_order":0,"comment_status":"closed","ping_status":"closed","template":"elementor_header_footer","meta":{"footnotes":""},"class_list":["post-1992","page","type-page","status-publish","hentry"],"_links":{"self":[{"href":"https:\/\/knife-solingen.eu\/en\/wp-json\/wp\/v2\/pages\/1992","targetHints":{"allow":["GET"]}}],"collection":[{"href":"https:\/\/knife-solingen.eu\/en\/wp-json\/wp\/v2\/pages"}],"about":[{"href":"https:\/\/knife-solingen.eu\/en\/wp-json\/wp\/v2\/types\/page"}],"author":[{"embeddable":true,"href":"https:\/\/knife-solingen.eu\/en\/wp-json\/wp\/v2\/users\/2"}],"replies":[{"embeddable":true,"href":"https:\/\/knife-solingen.eu\/en\/wp-json\/wp\/v2\/comments?post=1992"}],"version-history":[{"count":79,"href":"https:\/\/knife-solingen.eu\/en\/wp-json\/wp\/v2\/pages\/1992\/revisions"}],"predecessor-version":[{"id":5237,"href":"https:\/\/knife-solingen.eu\/en\/wp-json\/wp\/v2\/pages\/1992\/revisions\/5237"}],"wp:attachment":[{"href":"https:\/\/knife-solingen.eu\/en\/wp-json\/wp\/v2\/media?parent=1992"}],"curies":[{"name":"wp","href":"https:\/\/api.w.org\/{rel}","templated":true}]}}