{"id":2069,"date":"2025-03-11T12:07:42","date_gmt":"2025-03-11T11:07:42","guid":{"rendered":"https:\/\/www.kraftvoll.digital\/clients\/knife_test\/?page_id=2069"},"modified":"2026-01-20T12:18:55","modified_gmt":"2026-01-20T11:18:55","slug":"fuer-ausstellerinnen","status":"publish","type":"page","link":"https:\/\/knife-solingen.eu\/en\/fuer-ausstellerinnen\/","title":{"rendered":"F\u00fcr Aussteller:innen"},"content":{"rendered":"<div data-elementor-type=\"wp-page\" data-elementor-id=\"2069\" class=\"elementor elementor-2069\" data-elementor-post-type=\"page\">\n\t\t\t\t<div class=\"elementor-element elementor-element-70246e48 e-flex e-con-boxed e-con e-parent\" data-id=\"70246e48\" data-element_type=\"container\" data-e-type=\"container\" data-settings=\"{&quot;background_background&quot;:&quot;classic&quot;,&quot;shape_divider_bottom&quot;:&quot;lqd-custom-shape-8&quot;}\">\n\t\t\t\t\t<div class=\"e-con-inner\">\n\t\t\t\t<div class=\"elementor-shape elementor-shape-bottom\" aria-hidden=\"true\" data-negative=\"false\">\n\t\t\t<svg class=\"lqd-custom-shape\" xmlns=\"http:\/\/www.w3.org\/2000\/svg\" viewbox=\"0 0 1440 100\" preserveaspectratio=\"none\">\n    <path class=\"elementor-shape-fill\" id=\"Row_Separator\" data-name=\"Row Separator\" d=\"M1440,0Q1080,99,720,99T0,0V100H1440Z\" \/>\n<\/svg>\t\t<\/div>\n\t\t\t\t<div class=\"elementor-element elementor-element-4e6ec72b elementor-widget elementor-widget-hub_fancy_heading\" data-id=\"4e6ec72b\" data-element_type=\"widget\" data-e-type=\"widget\" data-widget_type=\"hub_fancy_heading.default\">\n\t\t\t\t<div class=\"elementor-widget-container\">\n\t\t\t\t\t\n\t\t<div id=\"ld-fancy-heading-69fa1814e6e87\" class=\"ld-fancy-heading pos-rel\">\n\t\t\t<h1 class=\"ld-fh-element d-inline-block pos-rel  elementor-heading-title lqd-highlight-classic lqd-highlight-grow-left h1\"  > For Exhibitors<\/h1>\t\t<\/div>\n\n\t\t\t\t\t\t<\/div>\n\t\t\t\t<\/div>\n\t\t\t\t\t<\/div>\n\t\t\t\t<\/div>\n\t\t<div class=\"elementor-element elementor-element-70bb74b e-flex e-con-boxed e-con e-parent\" data-id=\"70bb74b\" data-element_type=\"container\" data-e-type=\"container\" data-no-translation=\"\">\n\t\t\t\t\t<div class=\"e-con-inner\">\n\t\t\t\t<div class=\"elementor-element elementor-element-8113a38 elementor-widget elementor-widget-ld_fancy_image\" data-id=\"8113a38\" data-element_type=\"widget\" data-e-type=\"widget\" data-widget_type=\"ld_fancy_image.default\">\n\t\t\t\t<div class=\"elementor-widget-container\">\n\t\t\t\t\t\n\t\t<div class=\"lqd-imggrp-single d-block pos-rel\">\n\t\t\t<div class=\"lqd-imggrp-img-container d-inline-flex pos-rel align-items-center justify-content-center\">\n\t\t\t\t\t\t\t\t<figure class=\"w-100 pos-rel\">\n\t\t\t\t\t<img fetchpriority=\"high\" decoding=\"async\" width=\"1200\" height=\"675\" src=\"data:image\/svg+xml;charset=utf-8,%3Csvg xmlns%3D&#039;http%3A%2F%2Fwww.w3.org%2F2000%2Fsvg&#039; viewBox%3D&#039;0 0 1200 675&#039;%2F%3E\" class=\"attachment-full size-full wp-image-3352 ld-lazyload\" alt=\"\" itemprop=\"image\" data-src=\"https:\/\/knife-solingen.eu\/wp-content\/uploads\/2025\/12\/Standvergabephasen-ENGLISCH-2026.png\" data-srcset=\"https:\/\/knife-solingen.eu\/wp-content\/uploads\/2025\/12\/Standvergabephasen-ENGLISCH-2026.png 1200w, https:\/\/knife-solingen.eu\/wp-content\/uploads\/2025\/12\/Standvergabephasen-ENGLISCH-2026-300x169.png 300w, https:\/\/knife-solingen.eu\/wp-content\/uploads\/2025\/12\/Standvergabephasen-ENGLISCH-2026-1024x576.png 1024w, https:\/\/knife-solingen.eu\/wp-content\/uploads\/2025\/12\/Standvergabephasen-ENGLISCH-2026-18x10.png 18w, https:\/\/knife-solingen.eu\/wp-content\/uploads\/2025\/12\/Standvergabephasen-ENGLISCH-2026-600x338.png 600w\" data-sizes=\"(max-width: 1200px) 100vw, 1200px\" data-aspect=\"1.7777777777778\" \/>\t\t\t\t\t\t\t\t\t\t\t\t\t\t\t\t\t\t\t\t\t\t\t\t\t\t\t\t\t<\/figure>\n\t\t\t<\/div>\n\t\t<\/div>\n\n\t\t\t\t\t<\/div>\n\t\t\t\t<\/div>\n\t\t\t\t<div class=\"elementor-element elementor-element-a23086a elementor-align-center elementor-widget elementor-widget-ld_button\" data-id=\"a23086a\" data-element_type=\"widget\" data-e-type=\"widget\" data-widget_type=\"ld_button.default\">\n\t\t\t\t<div class=\"elementor-widget-container\">\n\t\t\t\t\t\n\t\t\t<a\n\t\t\t\thref=\"https:\/\/knife-solingen.eu\/registrierungsprozess-fur-knife-solingen-2025\/\"class=\"elementor-button btn btn-solid btn-hover-txt-liquid-y btn-sm btn-icon-shaped btn-has-label\"\t\t\t>\n\t\t\t\t\t\t\t\t\t<span data-text=\"More about the registration process\" class=\"btn-txt\" data-transition-delay=\"true\" data-delay-options=\"{&quot;elements&quot;: &quot;.lqd-chars&quot;, &quot;delayType&quot;: &quot;animation&quot;, &quot;startDelay&quot;: 0, &quot;delayBetween&quot;: 32.5}\" data-split-text=\"true\" data-split-options=\"{&quot;type&quot;: &quot;chars, words&quot;}\">\n\t\t\t\t\t\tMore about the registration process\t\t\t\t\t<\/span>\n\t\t\t\t\t\t\t\t\t\t\t<\/a>\n\t\t\t\t\t\t\t<\/div>\n\t\t\t\t<\/div>\n\t\t\t\t\t<\/div>\n\t\t\t\t<\/div>\n\t\t\t\t<section class=\"elementor-section elementor-top-section elementor-element elementor-element-da38bb1 elementor-section-full_width elementor-section-height-min-height elementor-section-height-default elementor-section-items-middle\" data-id=\"da38bb1\" data-element_type=\"section\" data-e-type=\"section\" data-settings=\"{&quot;background_background&quot;:&quot;classic&quot;}\">\n\t\t\t\t\t\t\t<div class=\"elementor-background-overlay\"><\/div>\n\t\t\t\t\t\t\t<div class=\"elementor-container elementor-column-gap-extended\">\n\t\t\t\t\t<div class=\"elementor-column elementor-col-100 elementor-top-column elementor-element elementor-element-2527937\" data-id=\"2527937\" data-element_type=\"column\" data-e-type=\"column\" data-settings=\"{&quot;background_background&quot;:&quot;classic&quot;}\">\n\t\t\t<div class=\"elementor-widget-wrap elementor-element-populated\">\n\t\t\t\t\t\t<div class=\"elementor-element elementor-element-e894d1a elementor-align-center elementor-widget elementor-widget-ld_button\" data-id=\"e894d1a\" data-element_type=\"widget\" data-e-type=\"widget\" id=\"#bewerbung\" data-widget_type=\"ld_button.default\">\n\t\t\t\t<div class=\"elementor-widget-container\">\n\t\t\t\t\t\n\t\t\t<a\n\t\t\t\thref=\"https:\/\/knife-solingen.eu\/en\/registrierung\/\"class=\"elementor-button btn btn-solid btn-hover-txt-liquid-y btn-sm btn-icon-shaped btn-has-label\"\t\t\t>\n\t\t\t\t\t\t\t\t\t<span data-text=\"ZUM BEWERBUNGSFORMULAR\" class=\"btn-txt\" data-transition-delay=\"true\" data-delay-options=\"{&quot;elements&quot;: &quot;.lqd-chars&quot;, &quot;delayType&quot;: &quot;animation&quot;, &quot;startDelay&quot;: 0, &quot;delayBetween&quot;: 32.5}\" data-split-text=\"true\" data-split-options=\"{&quot;type&quot;: &quot;chars, words&quot;}\">\n\t\t\t\t\t\tapply as an exhibitor\t\t\t\t\t<\/span>\n\t\t\t\t\t\t\t\t\t\t\t<\/a>\n\t\t\t\t\t\t\t<\/div>\n\t\t\t\t<\/div>\n\t\t\t\t\t<\/div>\n\t\t<\/div>\n\t\t\t\t\t<\/div>\n\t\t<\/section>\n\t\t\t\t<section class=\"elementor-section elementor-top-section elementor-element elementor-element-1e51fdca elementor-section-boxed elementor-section-height-default elementor-section-height-default\" data-id=\"1e51fdca\" data-element_type=\"section\" data-e-type=\"section\" id=\"hallenplan\" data-settings=\"{&quot;background_background&quot;:&quot;classic&quot;}\">\n\t\t\t\t\t\t<div class=\"elementor-container elementor-column-gap-extended\">\n\t\t\t\t\t<div class=\"elementor-column elementor-col-100 elementor-top-column elementor-element elementor-element-71702cdb\" data-id=\"71702cdb\" data-element_type=\"column\" data-e-type=\"column\">\n\t\t\t<div class=\"elementor-widget-wrap elementor-element-populated\">\n\t\t\t\t\t\t<div class=\"elementor-element elementor-element-1c56b851 elementor-widget__width-initial elementor-widget elementor-widget-hub_fancy_heading\" data-id=\"1c56b851\" data-element_type=\"widget\" data-e-type=\"widget\" id=\"#hallenplan\" data-widget_type=\"hub_fancy_heading.default\">\n\t\t\t\t<div class=\"elementor-widget-container\">\n\t\t\t\t\t\n\t\t<div id=\"ld-fancy-heading-69fa18150facd\" class=\"ld-fancy-heading pos-rel\">\n\t\t\t<h2 class=\"ld-fh-element d-inline-block pos-rel  elementor-heading-title lqd-highlight-classic lqd-highlight-grow-left h2\"  > Floor Plan 2026<\/h2>\t\t<\/div>\n\n\t\t\t\t\t\t<\/div>\n\t\t\t\t<\/div>\n\t\t\t\t\t<\/div>\n\t\t<\/div>\n\t\t\t\t<div class=\"elementor-column elementor-col-100 elementor-top-column elementor-element elementor-element-4c9fcde0\" data-id=\"4c9fcde0\" data-element_type=\"column\" data-e-type=\"column\">\n\t\t\t<div class=\"elementor-widget-wrap elementor-element-populated\">\n\t\t\t\t\t\t<div class=\"elementor-element elementor-element-24645369 elementor-widget elementor-widget-ld_fancy_image\" data-id=\"24645369\" data-element_type=\"widget\" data-e-type=\"widget\" data-widget_type=\"ld_fancy_image.default\">\n\t\t\t\t<div class=\"elementor-widget-container\">\n\t\t\t\t\t\n\t\t<div class=\"lqd-imggrp-single d-block pos-rel perspective\" data-hover3d=\"true\">\n\t\t\t<div class=\"lqd-imggrp-img-container d-inline-flex pos-rel align-items-center justify-content-center transform-style-3d\">\n\t\t\t\t\t\t\t\t<figure class=\"w-100 pos-rel\" data-stacking-factor=\"1\">\n\t\t\t\t\t<img decoding=\"async\" width=\"686\" height=\"1200\" src=\"data:image\/svg+xml;charset=utf-8,%3Csvg xmlns%3D&#039;http%3A%2F%2Fwww.w3.org%2F2000%2Fsvg&#039; viewBox%3D&#039;0 0 686 1200&#039;%2F%3E\" class=\"attachment-full size-full wp-image-3436 ld-lazyload\" alt=\"\" itemprop=\"image\" data-src=\"https:\/\/knife-solingen.eu\/wp-content\/uploads\/2025\/12\/Gesamtplan-KNIFE-26-Neutral.png\" data-srcset=\"https:\/\/knife-solingen.eu\/wp-content\/uploads\/2025\/12\/Gesamtplan-KNIFE-26-Neutral.png 686w, https:\/\/knife-solingen.eu\/wp-content\/uploads\/2025\/12\/Gesamtplan-KNIFE-26-Neutral-172x300.png 172w, https:\/\/knife-solingen.eu\/wp-content\/uploads\/2025\/12\/Gesamtplan-KNIFE-26-Neutral-585x1024.png 585w, https:\/\/knife-solingen.eu\/wp-content\/uploads\/2025\/12\/Gesamtplan-KNIFE-26-Neutral-7x12.png 7w, https:\/\/knife-solingen.eu\/wp-content\/uploads\/2025\/12\/Gesamtplan-KNIFE-26-Neutral-600x1050.png 600w\" data-sizes=\"(max-width: 686px) 100vw, 686px\" data-aspect=\"0.57166666666667\" \/>\t\t\t\t\t\t\t\t\t\t\t\t\t\t\t\t\t\t\t\t\t\t\t\t\t<a href=\"https:\/\/knife-solingen.eu\/wp-content\/uploads\/2025\/12\/Gesamtplan-KNIFE-26-Neutral.png\" class=\"lqd-overlay lqd-fi-overlay-link lqd-cc-label-trigger fresco\" data-fresco-group=\"\"><\/a>\t\t\t\t<\/figure>\n\t\t\t<\/div>\n\t\t<\/div>\n\n\t\t\t\t\t<\/div>\n\t\t\t\t<\/div>\n\t\t\t\t<div class=\"elementor-element elementor-element-5b2891e1 elementor-widget elementor-widget-hub_fancy_heading\" data-id=\"5b2891e1\" data-element_type=\"widget\" data-e-type=\"widget\" data-widget_type=\"hub_fancy_heading.default\">\n\t\t\t\t<div class=\"elementor-widget-container\">\n\t\t\t\t\t\n\t\t<div id=\"ld-fancy-heading-69fa1815149e6\" class=\"ld-fancy-heading pos-rel\">\n\t\t\t<h3 class=\"ld-fh-element d-inline-block pos-rel  elementor-heading-title lqd-highlight-classic lqd-highlight-grow-left h3\"  > Heading<\/h3>\t\t<\/div>\n\n\t\t\t\t\t\t<\/div>\n\t\t\t\t<\/div>\n\t\t\t\t\t<\/div>\n\t\t<\/div>\n\t\t\t\t<div class=\"elementor-column elementor-col-100 elementor-top-column elementor-element elementor-element-26a21c83\" data-id=\"26a21c83\" data-element_type=\"column\" data-e-type=\"column\">\n\t\t\t<div class=\"elementor-widget-wrap elementor-element-populated\">\n\t\t\t\t\t\t<div class=\"elementor-element elementor-element-80b0b7d elementor-widget elementor-widget-ld_fancy_image\" data-id=\"80b0b7d\" data-element_type=\"widget\" data-e-type=\"widget\" data-widget_type=\"ld_fancy_image.default\">\n\t\t\t\t<div class=\"elementor-widget-container\">\n\t\t\t\t\t\n\t\t<div class=\"lqd-imggrp-single d-block pos-rel perspective\" data-hover3d=\"true\">\n\t\t\t<div class=\"lqd-imggrp-img-container d-inline-flex pos-rel align-items-center justify-content-center transform-style-3d\">\n\t\t\t\t\t\t\t\t<figure class=\"w-100 pos-rel\" data-stacking-factor=\"1\">\n\t\t\t\t\t<img decoding=\"async\" width=\"646\" height=\"1200\" src=\"data:image\/svg+xml;charset=utf-8,%3Csvg xmlns%3D&#039;http%3A%2F%2Fwww.w3.org%2F2000%2Fsvg&#039; viewBox%3D&#039;0 0 646 1200&#039;%2F%3E\" class=\"attachment-full size-full wp-image-3431 ld-lazyload\" alt=\"\" itemprop=\"image\" data-src=\"https:\/\/knife-solingen.eu\/wp-content\/uploads\/2025\/12\/Aufbau-Halle-Ubersicht-f-Shop.png\" data-srcset=\"https:\/\/knife-solingen.eu\/wp-content\/uploads\/2025\/12\/Aufbau-Halle-Ubersicht-f-Shop.png 646w, https:\/\/knife-solingen.eu\/wp-content\/uploads\/2025\/12\/Aufbau-Halle-Ubersicht-f-Shop-162x300.png 162w, https:\/\/knife-solingen.eu\/wp-content\/uploads\/2025\/12\/Aufbau-Halle-Ubersicht-f-Shop-551x1024.png 551w, https:\/\/knife-solingen.eu\/wp-content\/uploads\/2025\/12\/Aufbau-Halle-Ubersicht-f-Shop-6x12.png 6w, https:\/\/knife-solingen.eu\/wp-content\/uploads\/2025\/12\/Aufbau-Halle-Ubersicht-f-Shop-600x1115.png 600w\" data-sizes=\"(max-width: 646px) 100vw, 646px\" data-aspect=\"0.53833333333333\" \/>\t\t\t\t\t\t\t\t\t\t\t\t\t\t\t\t\t\t\t\t\t\t\t\t\t<a href=\"https:\/\/knife-solingen.eu\/wp-content\/uploads\/2025\/12\/Aufbau-Halle-Ubersicht-f-Shop.png\" class=\"lqd-overlay lqd-fi-overlay-link lqd-cc-label-trigger fresco\" data-fresco-group=\"\"><\/a>\t\t\t\t<\/figure>\n\t\t\t<\/div>\n\t\t<\/div>\n\n\t\t\t\t\t<\/div>\n\t\t\t\t<\/div>\n\t\t\t\t<div class=\"elementor-element elementor-element-9738ea9 elementor-widget elementor-widget-hub_fancy_heading\" data-id=\"9738ea9\" data-element_type=\"widget\" data-e-type=\"widget\" data-widget_type=\"hub_fancy_heading.default\">\n\t\t\t\t<div class=\"elementor-widget-container\">\n\t\t\t\t\t\n\t\t<div id=\"ld-fancy-heading-69fa181518ce6\" class=\"ld-fancy-heading pos-rel\">\n\t\t\t<h3 class=\"ld-fh-element d-inline-block pos-rel  elementor-heading-title lqd-highlight-classic lqd-highlight-grow-left h3\"  > Heading<\/h3>\t\t<\/div>\n\n\t\t\t\t\t\t<\/div>\n\t\t\t\t<\/div>\n\t\t\t\t\t<\/div>\n\t\t<\/div>\n\t\t\t\t<div class=\"elementor-column elementor-col-100 elementor-top-column elementor-element elementor-element-30c1b46c\" data-id=\"30c1b46c\" data-element_type=\"column\" data-e-type=\"column\">\n\t\t\t<div class=\"elementor-widget-wrap elementor-element-populated\">\n\t\t\t\t\t\t<div class=\"elementor-element elementor-element-51fb554 elementor-widget elementor-widget-ld_fancy_image\" data-id=\"51fb554\" data-element_type=\"widget\" data-e-type=\"widget\" data-widget_type=\"ld_fancy_image.default\">\n\t\t\t\t<div class=\"elementor-widget-container\">\n\t\t\t\t\t\n\t\t<div class=\"lqd-imggrp-single d-block pos-rel perspective\" data-hover3d=\"true\">\n\t\t\t<div class=\"lqd-imggrp-img-container d-inline-flex pos-rel align-items-center justify-content-center transform-style-3d\">\n\t\t\t\t\t\t\t\t<figure class=\"w-100 pos-rel\" data-stacking-factor=\"1\">\n\t\t\t\t\t<img loading=\"lazy\" decoding=\"async\" width=\"950\" height=\"703\" src=\"data:image\/svg+xml;charset=utf-8,%3Csvg xmlns%3D&#039;http%3A%2F%2Fwww.w3.org%2F2000%2Fsvg&#039; viewBox%3D&#039;0 0 950 703&#039;%2F%3E\" class=\"attachment-full size-full wp-image-3449 ld-lazyload\" alt=\"\" itemprop=\"image\" data-src=\"https:\/\/knife-solingen.eu\/wp-content\/uploads\/2025\/12\/Premium-Parkplatze-Eishalle-Satellit.png\" data-srcset=\"https:\/\/knife-solingen.eu\/wp-content\/uploads\/2025\/12\/Premium-Parkplatze-Eishalle-Satellit.png 950w, https:\/\/knife-solingen.eu\/wp-content\/uploads\/2025\/12\/Premium-Parkplatze-Eishalle-Satellit-300x222.png 300w, https:\/\/knife-solingen.eu\/wp-content\/uploads\/2025\/12\/Premium-Parkplatze-Eishalle-Satellit-16x12.png 16w, https:\/\/knife-solingen.eu\/wp-content\/uploads\/2025\/12\/Premium-Parkplatze-Eishalle-Satellit-600x444.png 600w\" data-sizes=\"(max-width: 950px) 100vw, 950px\" data-aspect=\"1.3513513513514\" \/>\t\t\t\t\t\t\t\t\t\t\t\t\t\t\t\t\t\t\t\t\t\t\t\t\t<a href=\"https:\/\/knife-solingen.eu\/wp-content\/uploads\/2025\/12\/Premium-Parkplatze-Eishalle-Satellit.png\" class=\"lqd-overlay lqd-fi-overlay-link lqd-cc-label-trigger fresco\" data-fresco-group=\"\"><\/a>\t\t\t\t<\/figure>\n\t\t\t<\/div>\n\t\t<\/div>\n\n\t\t\t\t\t<\/div>\n\t\t\t\t<\/div>\n\t\t\t\t<div class=\"elementor-element elementor-element-487474d elementor-widget elementor-widget-hub_fancy_heading\" data-id=\"487474d\" data-element_type=\"widget\" data-e-type=\"widget\" data-widget_type=\"hub_fancy_heading.default\">\n\t\t\t\t<div class=\"elementor-widget-container\">\n\t\t\t\t\t\n\t\t<div id=\"ld-fancy-heading-69fa18151de04\" class=\"ld-fancy-heading pos-rel\">\n\t\t\t<h3 class=\"ld-fh-element d-inline-block pos-rel  elementor-heading-title lqd-highlight-classic lqd-highlight-grow-left h3\"  > Heading<\/h3>\t\t<\/div>\n\n\t\t\t\t\t\t<\/div>\n\t\t\t\t<\/div>\n\t\t\t\t\t<\/div>\n\t\t<\/div>\n\t\t\t\t<div class=\"elementor-column elementor-col-100 elementor-top-column elementor-element elementor-element-4be9a976\" data-id=\"4be9a976\" data-element_type=\"column\" data-e-type=\"column\">\n\t\t\t<div class=\"elementor-widget-wrap elementor-element-populated\">\n\t\t\t\t\t\t<div class=\"elementor-element elementor-element-d6ce819 elementor-widget elementor-widget-ld_fancy_image\" data-id=\"d6ce819\" data-element_type=\"widget\" data-e-type=\"widget\" data-widget_type=\"ld_fancy_image.default\">\n\t\t\t\t<div class=\"elementor-widget-container\">\n\t\t\t\t\t\n\t\t<div class=\"lqd-imggrp-single d-block pos-rel perspective\" data-hover3d=\"true\">\n\t\t\t<div class=\"lqd-imggrp-img-container d-inline-flex pos-rel align-items-center justify-content-center transform-style-3d\">\n\t\t\t\t\t\t\t\t<figure class=\"w-100 pos-rel\" data-stacking-factor=\"1\">\n\t\t\t\t\t\t\t\t\t\t\t\t\t\t\t\t\t\t\t\t\t\t\t\t\t\t\t\t\t\t<a href=\"\" class=\"lqd-overlay lqd-fi-overlay-link lqd-cc-label-trigger fresco\" data-fresco-group=\"\"><\/a>\t\t\t\t<\/figure>\n\t\t\t<\/div>\n\t\t<\/div>\n\n\t\t\t\t\t<\/div>\n\t\t\t\t<\/div>\n\t\t\t\t<div class=\"elementor-element elementor-element-c7af3ae elementor-widget elementor-widget-hub_fancy_heading\" data-id=\"c7af3ae\" data-element_type=\"widget\" data-e-type=\"widget\" data-widget_type=\"hub_fancy_heading.default\">\n\t\t\t\t<div class=\"elementor-widget-container\">\n\t\t\t\t\t\n\t\t<div id=\"ld-fancy-heading-69fa18151f30c\" class=\"ld-fancy-heading pos-rel\">\n\t\t\t<h3 class=\"ld-fh-element d-inline-block pos-rel  elementor-heading-title lqd-highlight-classic lqd-highlight-grow-left h3\"  > Heading<\/h3>\t\t<\/div>\n\n\t\t\t\t\t\t<\/div>\n\t\t\t\t<\/div>\n\t\t\t\t\t<\/div>\n\t\t<\/div>\n\t\t\t\t<div class=\"elementor-column elementor-col-100 elementor-top-column elementor-element elementor-element-10ead814\" data-id=\"10ead814\" data-element_type=\"column\" data-e-type=\"column\">\n\t\t\t<div class=\"elementor-widget-wrap elementor-element-populated\">\n\t\t\t\t\t\t<div class=\"elementor-element elementor-element-820e73e elementor-widget elementor-widget-ld_fancy_image\" data-id=\"820e73e\" data-element_type=\"widget\" data-e-type=\"widget\" data-widget_type=\"ld_fancy_image.default\">\n\t\t\t\t<div class=\"elementor-widget-container\">\n\t\t\t\t\t\n\t\t<div class=\"lqd-imggrp-single d-block pos-rel perspective\" data-hover3d=\"true\">\n\t\t\t<div class=\"lqd-imggrp-img-container d-inline-flex pos-rel align-items-center justify-content-center transform-style-3d\">\n\t\t\t\t\t\t\t\t<figure class=\"w-100 pos-rel\" data-stacking-factor=\"1\">\n\t\t\t\t\t\t\t\t\t\t\t\t\t\t\t\t\t\t\t\t\t\t\t\t\t\t\t\t\t\t<a href=\"\" class=\"lqd-overlay lqd-fi-overlay-link lqd-cc-label-trigger fresco\" data-fresco-group=\"\"><\/a>\t\t\t\t<\/figure>\n\t\t\t<\/div>\n\t\t<\/div>\n\n\t\t\t\t\t<\/div>\n\t\t\t\t<\/div>\n\t\t\t\t<div class=\"elementor-element elementor-element-b5ac121 elementor-widget elementor-widget-hub_fancy_heading\" data-id=\"b5ac121\" data-element_type=\"widget\" data-e-type=\"widget\" data-widget_type=\"hub_fancy_heading.default\">\n\t\t\t\t<div class=\"elementor-widget-container\">\n\t\t\t\t\t\n\t\t<div id=\"ld-fancy-heading-69fa181520761\" class=\"ld-fancy-heading pos-rel\">\n\t\t\t<h3 class=\"ld-fh-element d-inline-block pos-rel  elementor-heading-title lqd-highlight-classic lqd-highlight-grow-left h3\"  > Heading<\/h3>\t\t<\/div>\n\n\t\t\t\t\t\t<\/div>\n\t\t\t\t<\/div>\n\t\t\t\t\t<\/div>\n\t\t<\/div>\n\t\t\t\t<div class=\"elementor-column elementor-col-100 elementor-top-column elementor-element elementor-element-44a624fe\" data-id=\"44a624fe\" data-element_type=\"column\" data-e-type=\"column\">\n\t\t\t<div class=\"elementor-widget-wrap elementor-element-populated\">\n\t\t\t\t\t\t<div class=\"elementor-element elementor-element-e07e36d elementor-widget elementor-widget-hub_fancy_heading\" data-id=\"e07e36d\" data-element_type=\"widget\" data-e-type=\"widget\" data-widget_type=\"hub_fancy_heading.default\">\n\t\t\t\t<div class=\"elementor-widget-container\">\n\t\t\t\t\t\n\t\t<div id=\"ld-fancy-heading-69fa18152117d\" class=\"ld-fancy-heading pos-rel\">\n\t\t\t<h3 class=\"ld-fh-element d-inline-block pos-rel  elementor-heading-title lqd-highlight-classic lqd-highlight-grow-left h3\"  > Heading<\/h3>\t\t<\/div>\n\n\t\t\t\t\t\t<\/div>\n\t\t\t\t<\/div>\n\t\t\t\t\t<\/div>\n\t\t<\/div>\n\t\t\t\t\t<\/div>\n\t\t<\/section>\n\t\t<div class=\"elementor-element elementor-element-66e35ab e-flex e-con-boxed e-con e-parent\" data-id=\"66e35ab\" data-element_type=\"container\" data-e-type=\"container\" id=\"marketing\">\n\t\t\t\t\t<div class=\"e-con-inner\">\n\t\t\t\t<div class=\"elementor-element elementor-element-1cb834c elementor-widget elementor-widget-hub_fancy_heading\" data-id=\"1cb834c\" data-element_type=\"widget\" data-e-type=\"widget\" id=\"#marketing\" data-widget_type=\"hub_fancy_heading.default\">\n\t\t\t\t<div class=\"elementor-widget-container\">\n\t\t\t\t\t\n\t\t<div id=\"ld-fancy-heading-69fa181521b56\" class=\"ld-fancy-heading pos-rel\">\n\t\t\t<h2 class=\"ld-fh-element d-inline-block pos-rel  elementor-heading-title lqd-highlight-classic lqd-highlight-grow-left h2\"  > Marketing<\/h2>\t\t<\/div>\n\n\t\t\t\t\t\t<\/div>\n\t\t\t\t<\/div>\n\t\t\t\t<div class=\"elementor-element elementor-element-b2d7cfa elementor-widget elementor-widget-text-editor\" data-id=\"b2d7cfa\" data-element_type=\"widget\" data-e-type=\"widget\" data-widget_type=\"text-editor.default\">\n\t\t\t\t<div class=\"elementor-widget-container\">\n\t\t\t\t\t\t\t\t\t<p>Not only are the numbers of exhibitors and participants growing, but the opportunities for them to become more visible to their target audience have also developed. Starting with KNIFE 2026, there will be several new opportunities to present your company to potential customers:<\/p><p><b data-stringify-type=\"bold\">Sponsoring<\/b>Become a sponsor of KNIFE SOLINGE and gain visibility, logo placements, social media posts, banners, and much more. We would also be happy to discuss individual ideas with you.<br \/>Kontaktieren Sie uns einfach f\u00fcr weitere Informationen:\u00a0<a class=\"c-link\" href=\"mailto:knife@solingen.de\" target=\"_blank\" rel=\"noopener noreferrer\" data-stringify-link=\"mailto:knife@solingen.de\" data-sk=\"tooltip_parent\" aria-haspopup=\"menu\">knife@solingen.de<\/a><\/p><p><b data-stringify-type=\"bold\">Werbeanzeigen<\/b>The KNIFE GUIDE, which is published for the KNIFE trade fair, has also been updated. It now includes not only the hall plan, but also lots of other info about knives. Starting in 2026, you'll be able to place ads in the KNIFE GUIDE, which will have a print run of at least 3,000 copies. If you're interested, just get in touch with our team: <a class=\"c-link\" href=\"mailto:knife@solingen.de\" target=\"_blank\" rel=\"noopener noreferrer\" data-stringify-link=\"mailto:knife@solingen.de\" data-sk=\"tooltip_parent\" aria-haspopup=\"menu\">knife@solingen.de<\/a><\/p><p><b data-stringify-type=\"bold\">Goodie - Bag (for all visitors)<\/b>Another new feature at KNIFE 2026. Upon entering, each visitor will receive a trade fair bag containing information about the fair, the KNIFE GUIDE, and small gifts from our sponsors and cooperation partners. Would you also like to attract the attention of your target audience with a small promotional gift? We would be happy to discuss the possibilities with you.<\/p>\t\t\t\t\t\t\t\t<\/div>\n\t\t\t\t<\/div>\n\t\t\t\t\t<\/div>\n\t\t\t\t<\/div>\n\t\t\t\t<\/div>","protected":false},"excerpt":{"rendered":"<p>F\u00fcr Aussteller:Innen Mehr zum Registrierungsprozess More about the registration process ZUM BEWERBUNGSFORMULAR Hallenplan 2026 Heading Heading Heading Heading Heading Heading Marketing Nicht nur die Aussteller- und Teilnehmerzahlen werden immer gr\u00f6\u00dfer. Auch die M\u00f6glichkeiten f\u00fcr ihre Zielpublikum sichtbarer zu werden haben sich entwickelt. So gibt es ab der KNIFE 2026 einige neue M\u00f6glichkeiten ihr Unternehmen potentiellen [&hellip;]<\/p>\n","protected":false},"author":2,"featured_media":0,"parent":0,"menu_order":0,"comment_status":"closed","ping_status":"closed","template":"elementor_header_footer","meta":{"footnotes":""},"class_list":["post-2069","page","type-page","status-publish","hentry"],"_links":{"self":[{"href":"https:\/\/knife-solingen.eu\/en\/wp-json\/wp\/v2\/pages\/2069","targetHints":{"allow":["GET"]}}],"collection":[{"href":"https:\/\/knife-solingen.eu\/en\/wp-json\/wp\/v2\/pages"}],"about":[{"href":"https:\/\/knife-solingen.eu\/en\/wp-json\/wp\/v2\/types\/page"}],"author":[{"embeddable":true,"href":"https:\/\/knife-solingen.eu\/en\/wp-json\/wp\/v2\/users\/2"}],"replies":[{"embeddable":true,"href":"https:\/\/knife-solingen.eu\/en\/wp-json\/wp\/v2\/comments?post=2069"}],"version-history":[{"count":80,"href":"https:\/\/knife-solingen.eu\/en\/wp-json\/wp\/v2\/pages\/2069\/revisions"}],"predecessor-version":[{"id":4263,"href":"https:\/\/knife-solingen.eu\/en\/wp-json\/wp\/v2\/pages\/2069\/revisions\/4263"}],"wp:attachment":[{"href":"https:\/\/knife-solingen.eu\/en\/wp-json\/wp\/v2\/media?parent=2069"}],"curies":[{"name":"wp","href":"https:\/\/api.w.org\/{rel}","templated":true}]}}