{"id":2147,"date":"2025-03-11T15:01:45","date_gmt":"2025-03-11T14:01:45","guid":{"rendered":"https:\/\/www.kraftvoll.digital\/clients\/knife_test\/?page_id=2147"},"modified":"2026-05-03T14:03:06","modified_gmt":"2026-05-03T12:03:06","slug":"fuer-besucherinnen","status":"publish","type":"page","link":"https:\/\/knife-solingen.eu\/en\/fuer-besucherinnen\/","title":{"rendered":"FOR VISITORS"},"content":{"rendered":"<div data-elementor-type=\"wp-page\" data-elementor-id=\"2147\" class=\"elementor elementor-2147\" data-elementor-post-type=\"page\">\n\t\t\t\t<div class=\"elementor-element elementor-element-c4602be e-flex e-con-boxed e-con e-parent\" data-id=\"c4602be\" data-element_type=\"container\" data-e-type=\"container\" data-settings=\"{&quot;background_background&quot;:&quot;classic&quot;,&quot;shape_divider_bottom&quot;:&quot;lqd-custom-shape-8&quot;}\" data-no-translation=\"\">\n\t\t\t\t\t<div class=\"e-con-inner\">\n\t\t\t\t<div class=\"elementor-shape elementor-shape-bottom\" aria-hidden=\"true\" data-negative=\"false\">\n\t\t\t<svg class=\"lqd-custom-shape\" xmlns=\"http:\/\/www.w3.org\/2000\/svg\" viewbox=\"0 0 1440 100\" preserveaspectratio=\"none\">\n    <path class=\"elementor-shape-fill\" id=\"Row_Separator\" data-name=\"Row Separator\" d=\"M1440,0Q1080,99,720,99T0,0V100H1440Z\" \/>\n<\/svg>\t\t<\/div>\n\t\t\t\t<div class=\"elementor-element elementor-element-7c25452 elementor-widget elementor-widget-hub_fancy_heading\" data-id=\"7c25452\" data-element_type=\"widget\" data-e-type=\"widget\" data-widget_type=\"hub_fancy_heading.default\">\n\t\t\t\t<div class=\"elementor-widget-container\">\n\t\t\t\t\t\n\t\t<div id=\"ld-fancy-heading-69fa16b5f0a3a\" class=\"ld-fancy-heading pos-rel\">\n\t\t\t<h1 class=\"ld-fh-element d-inline-block pos-rel  elementor-heading-title lqd-highlight-classic lqd-highlight-grow-left h1\"  > For visitors<\/h1>\t\t<\/div>\n\n\t\t\t\t\t\t<\/div>\n\t\t\t\t<\/div>\n\t\t\t\t\t<\/div>\n\t\t\t\t<\/div>\n\t\t<div class=\"elementor-element elementor-element-729a905 e-flex e-con-boxed e-con e-parent\" data-id=\"729a905\" data-element_type=\"container\" data-e-type=\"container\">\n\t\t\t\t\t<div class=\"e-con-inner\">\n\t\t\t\t<div class=\"elementor-element elementor-element-e1e222a elementor-widget elementor-widget-hub_fancy_heading\" data-id=\"e1e222a\" data-element_type=\"widget\" data-e-type=\"widget\" data-no-translation=\"\" data-widget_type=\"hub_fancy_heading.default\">\n\t\t\t\t<div class=\"elementor-widget-container\">\n\t\t\t\t\t<style>.elementor-element-e1e222a{display:none !important}<\/style>\t\t\t\t<\/div>\n\t\t\t\t<\/div>\n\t\t\t\t\t<\/div>\n\t\t\t\t<\/div>\n\t\t<div class=\"elementor-element elementor-element-52a4ab8 e-flex e-con-boxed e-con e-parent\" data-id=\"52a4ab8\" data-element_type=\"container\" data-e-type=\"container\">\n\t\t\t\t\t<div class=\"e-con-inner\">\n\t\t\t\t<div class=\"elementor-element elementor-element-a9a65af elementor-widget elementor-widget-hub_fancy_heading\" data-id=\"a9a65af\" data-element_type=\"widget\" data-e-type=\"widget\" data-no-translation=\"\" data-widget_type=\"hub_fancy_heading.default\">\n\t\t\t\t<div class=\"elementor-widget-container\">\n\t\t\t\t\t\n\t\t<div id=\"ld-fancy-heading-69fa16b5f401c\" class=\"ld-fancy-heading pos-rel\">\n\t\t\t<h2 class=\"ld-fh-element d-inline-block pos-rel  elementor-heading-title lqd-highlight-classic lqd-highlight-grow-left h2\"  > Welcome to KNIFE SOLINGEN 2026!<\/h2>\t\t<\/div>\n\n\t\t\t\t\t\t<\/div>\n\t\t\t\t<\/div>\n\t\t\t\t\t<\/div>\n\t\t\t\t<\/div>\n\t\t<div class=\"elementor-element elementor-element-a54d059 e-flex e-con-boxed e-con e-parent\" data-id=\"a54d059\" data-element_type=\"container\" data-e-type=\"container\" data-no-translation=\"\">\n\t\t\t\t\t<div class=\"e-con-inner\">\n\t\t\t\t<div class=\"elementor-element elementor-element-3d168b9 elementor-widget elementor-widget-text-editor\" data-id=\"3d168b9\" data-element_type=\"widget\" data-e-type=\"widget\" data-no-translation=\"\" data-widget_type=\"text-editor.default\">\n\t\t\t\t<div class=\"elementor-widget-container\">\n\t\t\t\t\t\t\t\t\t<p style=\"text-align: center;\" data-start=\"90\" data-end=\"380\"><strong><span style=\"font-size: 21px;\"><em><span style=\"color: #000000;\">The world of blades \u2013 at home in Solingen<\/span><\/em><\/span><\/strong><\/p><p style=\"text-align: left;\">We&#8217;re delighted to have you here! <strong>KNIFE Solingen<\/strong> is the meeting place for everyone who loves knives, craftsmanship, and quality.<br \/>In Solingen, the City of Blades, you will find international exhibitors, extraordinary knives, and personal encounters in a unique atmosphere.<\/p><p style=\"text-align: left;\">On this page, you will find everything you need for your visit:<br \/>Start your KNIFE experience here and get in the mood for two special days dedicated to the fascination of sharp blades.<\/p><p style=\"text-align: left;\"><a href=\"https:\/\/knife-solingen.ticket.io\/2tB2VHgR\/?cryptedId=2tB2VHgR&amp;lang=en\">To the ONLINE TICKET SHOP.<\/a><\/p><p><strong>Please note:<\/strong><\/p><ul><li><strong>Pets and alcohol are not allowed at KNIFE.<\/strong><\/li><li><strong>Photo and video material will be shot at the event.<\/strong><\/li><\/ul><p>\u00a0<\/p><p style=\"text-align: center;\"><span style=\"font-size: 21px;\"><strong>EVENT PROGRAM<\/strong><\/span><\/p><p>KNIFE 2026 offers an <strong>exciting program<\/strong> of events, workshops, and exhibitions. Look forward to:<\/p><p><strong>KNIFE Forum:<\/strong> Lectures, panel discussions, and interviews on trends and topics from the world of knives. Hosts: Carsten Zulauf, J\u00f6rg Urbainczyk<\/p><p><strong>KNIFE Award 2026:<\/strong> Exhibition of all participating pieces, award ceremony, and audience award <a href=\"https:\/\/knife-solingen.eu\/en\/knife-award\/\">(more information here)<\/a><\/p><p><strong>B\u00f6ker Experience Area:<\/strong> Proper outdoor use of knives: batoning, carving, bushcraft skills. Watch and try out for yourself!<\/p><p><strong>Edge Area:<\/strong> Workshops, demonstrations, and product presentations on sharpening and grinding<\/p><p><strong>Demonstrations:<\/strong> Action and craftsmanship \u2013 cutting tests with a world record sword, fitting of a rapier, metal engraving and gem setting under the microscope, and the art of scrimshaw engraving<\/p><p><strong>Martial Arts Workshops:<\/strong> High-quality training ranging from medieval sword fighting to Filipino Arnis and Kali, 400 m from the KNIFE <a href=\"https:\/\/knife-solingen.eu\/en\/fuer-besucherinnen\/fechtkunst-workshops\/\">(more information here)<\/a><\/p><p><strong>B\u00f6ker Factory Tours:<\/strong> Exciting insights into the traditional Solingen blade production at the Heinr. B\u00f6ker Baumwerk GmbH 300m from KNIFE by foot<\/p><p><strong>Food Area:<\/strong> A huge selection of different food options for every taste<\/p><p>And at <strong>Deutsches Klingenmuseum, the German Blade Museum<\/strong>: Exhibitions featuring blades from around the world and public tours, opportunities for forging, a specialized museum library, and the special exhibition SHE BLADES. A shuttle bus runs directly from KNIFE to the museum; the ride and museum admission are included in the KNIFE ticket.<\/p><p style=\"text-align: center;\"><strong><span style=\"font-size: 18px;\"><a href=\"https:\/\/knife-solingen.eu\/wp-content\/uploads\/2026\/04\/KNIFE_Guide_2026.pdf\" target=\"_blank\" rel=\"noopener\">Find detailed information in the KNIFE Guide 2026.<\/a><\/span><\/strong><\/p>\t\t\t\t\t\t\t\t<\/div>\n\t\t\t\t<\/div>\n\t\t\t\t\t<\/div>\n\t\t\t\t<\/div>\n\t\t<div class=\"elementor-element elementor-element-9892712 e-grid e-con-boxed e-con e-parent\" data-id=\"9892712\" data-element_type=\"container\" data-e-type=\"container\" data-no-translation=\"\">\n\t\t\t\t\t<div class=\"e-con-inner\">\n\t\t\t\t<div class=\"elementor-element elementor-element-e8892bd elementor-widget elementor-widget-image\" data-id=\"e8892bd\" data-element_type=\"widget\" data-e-type=\"widget\" data-widget_type=\"image.default\">\n\t\t\t\t<div class=\"elementor-widget-container\">\n\t\t\t\t\t\t\t\t\t\t\t\t\t\t\t\t<a href=\"https:\/\/knife-solingen.eu\/en\/ausstellerliste\/\">\n\t\t\t\t\t\t\t<img fetchpriority=\"high\" decoding=\"async\" width=\"600\" height=\"600\" src=\"data:image\/svg+xml;charset=utf-8,%3Csvg xmlns%3D&#039;http%3A%2F%2Fwww.w3.org%2F2000%2Fsvg&#039; viewBox%3D&#039;0 0 600 600&#039;%2F%3E\" class=\"attachment-woocommerce_single size-woocommerce_single wp-image-3635 ld-lazyload\" alt=\"\" data-src=\"https:\/\/knife-solingen.eu\/wp-content\/uploads\/2026\/01\/Exhibitor-List-EN-600x600.png\" data-srcset=\"https:\/\/knife-solingen.eu\/wp-content\/uploads\/2026\/01\/Exhibitor-List-EN-600x600.png 600w, https:\/\/knife-solingen.eu\/wp-content\/uploads\/2026\/01\/Exhibitor-List-EN-300x300.png 300w, https:\/\/knife-solingen.eu\/wp-content\/uploads\/2026\/01\/Exhibitor-List-EN-1024x1024.png 1024w, https:\/\/knife-solingen.eu\/wp-content\/uploads\/2026\/01\/Exhibitor-List-EN-150x150.png 150w, https:\/\/knife-solingen.eu\/wp-content\/uploads\/2026\/01\/Exhibitor-List-EN-12x12.png 12w, https:\/\/knife-solingen.eu\/wp-content\/uploads\/2026\/01\/Exhibitor-List-EN-320x320.png 320w, https:\/\/knife-solingen.eu\/wp-content\/uploads\/2026\/01\/Exhibitor-List-EN-760x760.png 760w, https:\/\/knife-solingen.eu\/wp-content\/uploads\/2026\/01\/Exhibitor-List-EN-100x100.png 100w, https:\/\/knife-solingen.eu\/wp-content\/uploads\/2026\/01\/Exhibitor-List-EN.png 1080w\" data-sizes=\"(max-width: 600px) 100vw, 600px\" data-aspect=\"1\" \/>\t\t\t\t\t\t\t\t<\/a>\n\t\t\t\t\t\t\t\t\t\t\t\t\t\t\t<\/div>\n\t\t\t\t<\/div>\n\t\t\t\t<div class=\"elementor-element elementor-element-aa4f4fb elementor-widget elementor-widget-image\" data-id=\"aa4f4fb\" data-element_type=\"widget\" data-e-type=\"widget\" data-widget_type=\"image.default\">\n\t\t\t\t<div class=\"elementor-widget-container\">\n\t\t\t\t\t\t\t\t\t\t\t\t\t\t\t\t<a href=\"https:\/\/knife-solingen.eu\/en\/anfahrt-und-uebernachtung\/\">\n\t\t\t\t\t\t\t<img decoding=\"async\" width=\"600\" height=\"600\" src=\"data:image\/svg+xml;charset=utf-8,%3Csvg xmlns%3D&#039;http%3A%2F%2Fwww.w3.org%2F2000%2Fsvg&#039; viewBox%3D&#039;0 0 600 600&#039;%2F%3E\" class=\"attachment-woocommerce_single size-woocommerce_single wp-image-3631 ld-lazyload\" alt=\"\" data-src=\"https:\/\/knife-solingen.eu\/wp-content\/uploads\/2026\/01\/Travel-Accommodation-EN-600x600.png\" data-srcset=\"https:\/\/knife-solingen.eu\/wp-content\/uploads\/2026\/01\/Travel-Accommodation-EN-600x600.png 600w, https:\/\/knife-solingen.eu\/wp-content\/uploads\/2026\/01\/Travel-Accommodation-EN-300x300.png 300w, https:\/\/knife-solingen.eu\/wp-content\/uploads\/2026\/01\/Travel-Accommodation-EN-1024x1024.png 1024w, https:\/\/knife-solingen.eu\/wp-content\/uploads\/2026\/01\/Travel-Accommodation-EN-150x150.png 150w, https:\/\/knife-solingen.eu\/wp-content\/uploads\/2026\/01\/Travel-Accommodation-EN-12x12.png 12w, https:\/\/knife-solingen.eu\/wp-content\/uploads\/2026\/01\/Travel-Accommodation-EN-320x320.png 320w, https:\/\/knife-solingen.eu\/wp-content\/uploads\/2026\/01\/Travel-Accommodation-EN-760x760.png 760w, https:\/\/knife-solingen.eu\/wp-content\/uploads\/2026\/01\/Travel-Accommodation-EN-100x100.png 100w, https:\/\/knife-solingen.eu\/wp-content\/uploads\/2026\/01\/Travel-Accommodation-EN.png 1080w\" data-sizes=\"(max-width: 600px) 100vw, 600px\" data-aspect=\"1\" \/>\t\t\t\t\t\t\t\t<\/a>\n\t\t\t\t\t\t\t\t\t\t\t\t\t\t\t<\/div>\n\t\t\t\t<\/div>\n\t\t\t\t<div class=\"elementor-element elementor-element-e87e195 elementor-widget elementor-widget-image\" data-id=\"e87e195\" data-element_type=\"widget\" data-e-type=\"widget\" data-widget_type=\"image.default\">\n\t\t\t\t<div class=\"elementor-widget-container\">\n\t\t\t\t\t\t\t\t\t\t\t\t\t\t\t\t<a href=\"https:\/\/t9fd89987.emailsys1a.net\/119\/11629\/216d2eef0a\/subscribe\/form.html?_g=1716552089\" target=\"_blank\">\n\t\t\t\t\t\t\t<img decoding=\"async\" width=\"600\" height=\"600\" src=\"data:image\/svg+xml;charset=utf-8,%3Csvg xmlns%3D&#039;http%3A%2F%2Fwww.w3.org%2F2000%2Fsvg&#039; viewBox%3D&#039;0 0 600 600&#039;%2F%3E\" class=\"attachment-woocommerce_single size-woocommerce_single wp-image-3630 ld-lazyload\" alt=\"\" data-src=\"https:\/\/knife-solingen.eu\/wp-content\/uploads\/2026\/01\/Newsletter-Visitors-EN-600x600.png\" data-srcset=\"https:\/\/knife-solingen.eu\/wp-content\/uploads\/2026\/01\/Newsletter-Visitors-EN-600x600.png 600w, https:\/\/knife-solingen.eu\/wp-content\/uploads\/2026\/01\/Newsletter-Visitors-EN-300x300.png 300w, https:\/\/knife-solingen.eu\/wp-content\/uploads\/2026\/01\/Newsletter-Visitors-EN-1024x1024.png 1024w, https:\/\/knife-solingen.eu\/wp-content\/uploads\/2026\/01\/Newsletter-Visitors-EN-150x150.png 150w, https:\/\/knife-solingen.eu\/wp-content\/uploads\/2026\/01\/Newsletter-Visitors-EN-12x12.png 12w, https:\/\/knife-solingen.eu\/wp-content\/uploads\/2026\/01\/Newsletter-Visitors-EN-320x320.png 320w, https:\/\/knife-solingen.eu\/wp-content\/uploads\/2026\/01\/Newsletter-Visitors-EN-760x760.png 760w, https:\/\/knife-solingen.eu\/wp-content\/uploads\/2026\/01\/Newsletter-Visitors-EN-100x100.png 100w, https:\/\/knife-solingen.eu\/wp-content\/uploads\/2026\/01\/Newsletter-Visitors-EN.png 1080w\" data-sizes=\"(max-width: 600px) 100vw, 600px\" data-aspect=\"1\" \/>\t\t\t\t\t\t\t\t<\/a>\n\t\t\t\t\t\t\t\t\t\t\t\t\t\t\t<\/div>\n\t\t\t\t<\/div>\n\t\t\t\t<div class=\"elementor-element elementor-element-d85af53 elementor-widget elementor-widget-image\" data-id=\"d85af53\" data-element_type=\"widget\" data-e-type=\"widget\" data-widget_type=\"image.default\">\n\t\t\t\t<div class=\"elementor-widget-container\">\n\t\t\t\t\t\t\t\t\t\t\t\t\t\t\t\t<a href=\"https:\/\/knife-solingen.eu\/en\/knife-club\/\">\n\t\t\t\t\t\t\t<img loading=\"lazy\" decoding=\"async\" width=\"600\" height=\"600\" src=\"data:image\/svg+xml;charset=utf-8,%3Csvg xmlns%3D&#039;http%3A%2F%2Fwww.w3.org%2F2000%2Fsvg&#039; viewBox%3D&#039;0 0 600 600&#039;%2F%3E\" class=\"attachment-woocommerce_single size-woocommerce_single wp-image-3637 ld-lazyload\" alt=\"\" data-src=\"https:\/\/knife-solingen.eu\/wp-content\/uploads\/2026\/01\/KNIFE-Club-600x600.png\" data-srcset=\"https:\/\/knife-solingen.eu\/wp-content\/uploads\/2026\/01\/KNIFE-Club-600x600.png 600w, https:\/\/knife-solingen.eu\/wp-content\/uploads\/2026\/01\/KNIFE-Club-300x300.png 300w, https:\/\/knife-solingen.eu\/wp-content\/uploads\/2026\/01\/KNIFE-Club-1024x1024.png 1024w, https:\/\/knife-solingen.eu\/wp-content\/uploads\/2026\/01\/KNIFE-Club-150x150.png 150w, https:\/\/knife-solingen.eu\/wp-content\/uploads\/2026\/01\/KNIFE-Club-12x12.png 12w, https:\/\/knife-solingen.eu\/wp-content\/uploads\/2026\/01\/KNIFE-Club-320x320.png 320w, https:\/\/knife-solingen.eu\/wp-content\/uploads\/2026\/01\/KNIFE-Club-760x760.png 760w, https:\/\/knife-solingen.eu\/wp-content\/uploads\/2026\/01\/KNIFE-Club-100x100.png 100w, https:\/\/knife-solingen.eu\/wp-content\/uploads\/2026\/01\/KNIFE-Club.png 1080w\" data-sizes=\"(max-width: 600px) 100vw, 600px\" data-aspect=\"1\" \/>\t\t\t\t\t\t\t\t<\/a>\n\t\t\t\t\t\t\t\t\t\t\t\t\t\t\t<\/div>\n\t\t\t\t<\/div>\n\t\t\t\t\t<\/div>\n\t\t\t\t<\/div>\n\t\t\t\t<\/div>","protected":false},"excerpt":{"rendered":"<p>F\u00fcr Besucher:Innen For visitors Die Welt der Klingen &#8211; zu Hause in Solingen Sch\u00f6n, dass Sie hier sind! Die KNIFE Solingen ist der Treffpunkt f\u00fcr alle, die Messer, Handwerk und Qualit\u00e4t lieben.In der Klingenstadt Solingen erleben Sie internationale Aussteller:innen, au\u00dfergew\u00f6hnliche Schneidwaren und pers\u00f6nliche Begegnungen in einer einzigartigen Atmosph\u00e4re. Auf dieser Seite finden Sie alles, was [&hellip;]<\/p>\n","protected":false},"author":2,"featured_media":0,"parent":0,"menu_order":0,"comment_status":"closed","ping_status":"closed","template":"elementor_header_footer","meta":{"footnotes":""},"class_list":["post-2147","page","type-page","status-publish","hentry"],"_links":{"self":[{"href":"https:\/\/knife-solingen.eu\/en\/wp-json\/wp\/v2\/pages\/2147","targetHints":{"allow":["GET"]}}],"collection":[{"href":"https:\/\/knife-solingen.eu\/en\/wp-json\/wp\/v2\/pages"}],"about":[{"href":"https:\/\/knife-solingen.eu\/en\/wp-json\/wp\/v2\/types\/page"}],"author":[{"embeddable":true,"href":"https:\/\/knife-solingen.eu\/en\/wp-json\/wp\/v2\/users\/2"}],"replies":[{"embeddable":true,"href":"https:\/\/knife-solingen.eu\/en\/wp-json\/wp\/v2\/comments?post=2147"}],"version-history":[{"count":61,"href":"https:\/\/knife-solingen.eu\/en\/wp-json\/wp\/v2\/pages\/2147\/revisions"}],"predecessor-version":[{"id":5348,"href":"https:\/\/knife-solingen.eu\/en\/wp-json\/wp\/v2\/pages\/2147\/revisions\/5348"}],"wp:attachment":[{"href":"https:\/\/knife-solingen.eu\/en\/wp-json\/wp\/v2\/media?parent=2147"}],"curies":[{"name":"wp","href":"https:\/\/api.w.org\/{rel}","templated":true}]}}