{"id":2217,"date":"2025-03-14T11:18:38","date_gmt":"2025-03-14T10:18:38","guid":{"rendered":"https:\/\/knife-solingen.eu\/?page_id=2217"},"modified":"2026-02-05T14:02:52","modified_gmt":"2026-02-05T13:02:52","slug":"knife-award","status":"publish","type":"page","link":"https:\/\/knife-solingen.eu\/en\/knife-award\/","title":{"rendered":"KNIFE Award"},"content":{"rendered":"\t\t<div data-elementor-type=\"wp-page\" data-elementor-id=\"2217\" class=\"elementor elementor-2217\" data-elementor-post-type=\"page\">\n\t\t\t\t<div class=\"elementor-element elementor-element-d84c106 e-flex e-con-boxed e-con e-parent\" data-id=\"d84c106\" data-element_type=\"container\" data-e-type=\"container\" data-settings=\"{&quot;background_background&quot;:&quot;classic&quot;,&quot;shape_divider_bottom&quot;:&quot;lqd-custom-shape-8&quot;}\">\n\t\t\t\t\t<div class=\"e-con-inner\">\n\t\t\t\t<div class=\"elementor-shape elementor-shape-bottom\" aria-hidden=\"true\" data-negative=\"false\">\n\t\t\t<svg class=\"lqd-custom-shape\" xmlns=\"http:\/\/www.w3.org\/2000\/svg\" viewBox=\"0 0 1440 100\" preserveAspectRatio=\"none\">\n    <path class=\"elementor-shape-fill\" id=\"Row_Separator\" data-name=\"Row Separator\" d=\"M1440,0Q1080,99,720,99T0,0V100H1440Z\" \/>\n<\/svg>\t\t<\/div>\n\t\t\t\t<div class=\"elementor-element elementor-element-71942b1 elementor-widget elementor-widget-hub_fancy_heading\" data-id=\"71942b1\" data-element_type=\"widget\" data-e-type=\"widget\" data-widget_type=\"hub_fancy_heading.default\">\n\t\t\t\t<div class=\"elementor-widget-container\">\n\t\t\t\t\t\n\t\t<div id=\"ld-fancy-heading-69fa16d91add5\" class=\"ld-fancy-heading pos-rel\">\n\t\t\t<h1 class=\"ld-fh-element d-inline-block pos-rel  elementor-heading-title lqd-highlight-classic lqd-highlight-grow-left h1\"  > KNIFE Award<\/h1>\t\t<\/div>\n\n\t\t\t\t\t\t<\/div>\n\t\t\t\t<\/div>\n\t\t\t\t\t<\/div>\n\t\t\t\t<\/div>\n\t\t<div class=\"elementor-element elementor-element-aeffef3 e-flex e-con-boxed e-con e-parent\" data-id=\"aeffef3\" data-element_type=\"container\" data-e-type=\"container\" data-settings=\"{&quot;background_background&quot;:&quot;classic&quot;}\" data-no-translation=\"\">\n\t\t\t\t\t<div class=\"e-con-inner\">\n\t\t<div class=\"lqd-css-sticky elementor-element elementor-element-1984ce2 e-con-full e-flex e-con e-child\" style=\"top: auto; top: 130px;\" data-id=\"1984ce2\" data-element_type=\"container\" data-e-type=\"container\">\n\t\t\t\t<div class=\"elementor-element elementor-element-5decfdd elementor-widget__width-initial elementor-widget elementor-widget-ld_fancy_image\" data-id=\"5decfdd\" data-element_type=\"widget\" data-e-type=\"widget\" data-widget_type=\"ld_fancy_image.default\">\n\t\t\t\t<div class=\"elementor-widget-container\">\n\t\t\t\t\t\n\t\t<div class=\"lqd-imggrp-single d-block pos-rel perspective\" data-hover3d=\"true\">\n\t\t\t<div class=\"lqd-imggrp-img-container d-inline-flex pos-rel align-items-center justify-content-center transform-style-3d\">\n\t\t\t\t\t\t\t\t<figure class=\"w-100 pos-rel\" data-stacking-factor=\"1\">\n\t\t\t\t\t<img fetchpriority=\"high\" decoding=\"async\" width=\"1772\" height=\"3543\" src=\"data:image\/svg+xml;charset=utf-8,%3Csvg xmlns%3D&#039;http%3A%2F%2Fwww.w3.org%2F2000%2Fsvg&#039; viewBox%3D&#039;0 0 1772 3543&#039;%2F%3E\" class=\"attachment-full size-full wp-image-2219 ld-lazyload\" alt=\"\" itemprop=\"image\" data-src=\"https:\/\/knife-solingen.eu\/wp-content\/uploads\/2025\/03\/Khukri-fur-KNIVE-AWARD-2025_1.jpg\" data-srcset=\"https:\/\/knife-solingen.eu\/wp-content\/uploads\/2025\/03\/Khukri-fur-KNIVE-AWARD-2025_1.jpg 1772w, https:\/\/knife-solingen.eu\/wp-content\/uploads\/2025\/03\/Khukri-fur-KNIVE-AWARD-2025_1-150x300.jpg 150w, https:\/\/knife-solingen.eu\/wp-content\/uploads\/2025\/03\/Khukri-fur-KNIVE-AWARD-2025_1-512x1024.jpg 512w, https:\/\/knife-solingen.eu\/wp-content\/uploads\/2025\/03\/Khukri-fur-KNIVE-AWARD-2025_1-6x12.jpg 6w, https:\/\/knife-solingen.eu\/wp-content\/uploads\/2025\/03\/Khukri-fur-KNIVE-AWARD-2025_1-768x1536.jpg 768w, https:\/\/knife-solingen.eu\/wp-content\/uploads\/2025\/03\/Khukri-fur-KNIVE-AWARD-2025_1-1024x2048.jpg 1024w, https:\/\/knife-solingen.eu\/wp-content\/uploads\/2025\/03\/Khukri-fur-KNIVE-AWARD-2025_1-600x1200.jpg 600w\" data-sizes=\"(max-width: 1772px) 100vw, 1772px\" data-aspect=\"0.5001411233418\" \/>\t\t\t\t\t\t\t\t\t\t\t\t\t\t\t\t\t\t\t\t\t\t\t\t\t\t\t\t\t<\/figure>\n\t\t\t<\/div>\n\t\t<\/div>\n\n\t\t\t\t\t<\/div>\n\t\t\t\t<\/div>\n\t\t\t\t<\/div>\n\t\t<div data-custom-animations=\"true\" data-ca-options=\"{&quot;addChildTimelines&quot;:false,&quot;trigger&quot;:&quot;firstChild&quot;,&quot;animationTarget&quot;:&quot;:scope  &gt; .elementor-element:not(.lqd-exclude-parent-ca) &gt; .elementor-widget-container, :scope  &gt; .elementor-widget-hub_fancy_heading .lqd-split-lines .lqd-lines .split-inner, :scope  &gt; .elementor-widget-hub_fancy_heading .lqd-split-words .lqd-words .split-inner, :scope  &gt; .elementor-widget-hub_fancy_heading .lqd-split-chars .lqd-chars .split-inner, :scope  &gt; .elementor-widget-hub_fancy_heading .lqd-adv-txt-fig, :scope  &gt; .elementor-widget-ld_custom_menu .lqd-fancy-menu &gt; ul &gt; li, :scope .e-con:not([data-parallax]) .elementor-element &gt; .elementor-widget-container, :scope .e-con:not([data-parallax]) .elementor-widget-hub_fancy_heading .lqd-split-lines .lqd-lines .split-inner, :scope .e-con:not([data-parallax]) .elementor-widget-hub_fancy_heading .lqd-split-words .lqd-words .split-inner, :scope .e-con:not([data-parallax]) .elementor-widget-hub_fancy_heading .lqd-split-chars .lqd-chars .split-inner, :scope .e-con:not([data-parallax]) .elementor-widget-ld_custom_menu .lqd-fancy-menu &gt; ul &gt; li&quot;,&quot;duration&quot;:1000,&quot;startDelay&quot;:300,&quot;delay&quot;:60,&quot;ease&quot;:&quot;expo.out&quot;,&quot;initValues&quot;:{&quot;y&quot;:&quot;30px&quot;,&quot;scaleY&quot;:1.1,&quot;opacity&quot;:0,&quot;transformOrigin&quot;:&quot;50% 50% 0px&quot;},&quot;animations&quot;:{&quot;y&quot;:&quot;0px&quot;,&quot;scaleY&quot;:1,&quot;opacity&quot;:1,&quot;transformOrigin&quot;:&quot;50% 50% 0px&quot;}}\" class=\"elementor-element elementor-element-8d0c759 e-con-full e-flex e-con e-child\" data-id=\"8d0c759\" data-element_type=\"container\" data-e-type=\"container\">\n\t\t\t\t<div class=\"elementor-element elementor-element-802ac8a elementor-widget elementor-widget-hub_fancy_heading\" data-id=\"802ac8a\" data-element_type=\"widget\" data-e-type=\"widget\" data-widget_type=\"hub_fancy_heading.default\">\n\t\t\t\t<div class=\"elementor-widget-container\">\n\t\t\t\t\t\n\t\t<div id=\"ld-fancy-heading-69fa16d93708b\" class=\"ld-fancy-heading pos-rel\">\n\t\t\t<h6 class=\"ld-fh-element d-inline-block pos-rel  elementor-heading-title lqd-highlight-classic lqd-highlight-grow-left h6\"  > Knife Award<\/h6>\t\t<\/div>\n\n\t\t\t\t\t\t<\/div>\n\t\t\t\t<\/div>\n\t\t\t\t<div class=\"elementor-element elementor-element-3e590e6 elementor-widget elementor-widget-hub_fancy_heading\" data-id=\"3e590e6\" data-element_type=\"widget\" data-e-type=\"widget\" data-widget_type=\"hub_fancy_heading.default\">\n\t\t\t\t<div class=\"elementor-widget-container\">\n\t\t\t\t\t\n\t\t<div id=\"ld-fancy-heading-69fa16d937b63\" class=\"ld-fancy-heading pos-rel\">\n\t\t\t<h2 class=\"ld-fh-element d-inline-block pos-rel  elementor-heading-title lqd-highlight-classic lqd-highlight-grow-left h2\"  > Announcement <br>KNIFE Award 2026<\/h2>\t\t<\/div>\n\n\t\t\t\t\t\t<\/div>\n\t\t\t\t<\/div>\n\t\t\t\t<div class=\"elementor-element elementor-element-2f6e992 elementor-widget elementor-widget-text-editor\" data-id=\"2f6e992\" data-element_type=\"widget\" data-e-type=\"widget\" data-widget_type=\"text-editor.default\">\n\t\t\t\t<div class=\"elementor-widget-container\">\n\t\t\t\t\t\t\t\t\t<p><strong>KNIFE Award 2025: Khukri with a Twist!<\/strong><\/p>\n<div class=\"p-rich_text_section\">\n<p>The Khukri, the legendary blade of Nepal, is one of the most famous knife designs in the world. For the KNIFE Award 2026, we are seeking high-quality, handmade Khukris \u2013 but &#8222;with a twist&#8220;:<br>Each submission should feature a unique element that expands or reinterprets the traditional design. This could be achieved through unusual materials, additional functions, or original design elements \u2013 the key is that the Khukri must be special in some way.<\/p>\n<p>Outstanding works that impress with quality, design, and creativity will be awarded.<br>The KNIFE AWARD from the German Blade Museum is the coveted accolade for handmade knives in the German-speaking region. It is awarded each year at KNIFE, the blade fair in Solingen, in two categories:<br>The Jury Award is endowed with a prize of \u20ac2,000, sponsored by the Friends of the German Blade Museum Foundation. A four-member panel of recognized experts from the craft and knife-making scene will determine the winner.<br>The Audience Award is also endowed with \u20ac2,000, sponsored by Knife Lounge (<a class=\"c-link\" href=\"http:\/\/www.knife-lounge.de\/\" target=\"_blank\" rel=\"noopener noreferrer\" data-stringify-link=\"http:\/\/www.knife-lounge.de\" data-sk=\"tooltip_parent\">www.knife-lounge.de<\/a>). The winner is chosen by the visitors of KNIFE through voting during the fair.<\/p>\n<\/div>\n<div class=\"p-rich_text_section\"><b data-stringify-type=\"bold\">PARTICIPATION REQUIREMENTS &amp; SUBMISSION<br><\/b>To participate, please submit:<\/div>\n<ul class=\"p-rich_text_list p-rich_text_list__bullet p-rich_text_list--nested\" data-stringify-type=\"unordered-list\" data-list-tree=\"true\" data-indent=\"0\" data-border=\"0\">\n<li data-stringify-indent=\"0\" data-stringify-border=\"0\">A unique Khukri &#8222;with a twist&#8220;<\/li>\n<li data-stringify-indent=\"0\" data-stringify-border=\"0\">A brief description of the materials used<\/li>\n<li data-stringify-indent=\"0\" data-stringify-border=\"0\">A short explanation of what makes the piece unique<\/li>\n<li data-stringify-indent=\"0\" data-stringify-border=\"0\">Full contact details including email address<\/li>\n<li data-stringify-indent=\"0\" data-stringify-border=\"0\">A sheath is optional but may be a deciding factor in the event of a tie<\/li>\n<\/ul>\n<div class=\"p-rich_text_section\"><b data-stringify-type=\"bold\">REQUIREMENTS<br><\/b><\/div>\n<ul class=\"p-rich_text_list p-rich_text_list__bullet p-rich_text_list--nested\" data-stringify-type=\"unordered-list\" data-list-tree=\"true\" data-indent=\"0\" data-border=\"0\">\n<li data-stringify-indent=\"0\" data-stringify-border=\"0\">The materials for the submission are unrestricted.<\/li>\n<li data-stringify-indent=\"0\" data-stringify-border=\"0\">All parts of the Khukri (including an optional sheath) must be handcrafted by a single individual. Collaborations are not permitted.<\/li>\n<li data-stringify-indent=\"0\" data-stringify-border=\"0\">Any Damascus steel used must not be purchased but produced by the maker.<\/li>\n<\/ul>\n<div class=\"p-rich_text_section\">\n<p><b data-stringify-type=\"bold\">OPEN PARTICIPATION<\/b><br>Participation in the KNIFE Award is open to everyone. Attendance at the KNIFE fair or membership in a knife-making association is not required.<\/p>\n<p><b data-stringify-type=\"bold\">SUBMISSIONS TO<br><\/b>Deutsches Klingenmuseum Solingen<br>Dr. Sixt Wetzler<br>Klosterhof 4<br>42653 Solingen<br>Germany<\/p>\n<p><b data-stringify-type=\"bold\">SUBMISSION DEADLINE<\/b><\/p>\n<\/div>\n<div class=\"p-rich_text_section\">\n<p>Entries must be received by&nbsp;<b data-stringify-type=\"bold\">March 30, 2026<\/b>.<br>Submissions arriving after this date will not be considered for the competition.<\/p>\n<p><b data-stringify-type=\"bold\">SUBMISSIONS FROM NON-EU COUNTRIES<\/b><br>Before submitting your entry, please clarify the customs regulations and ensure that the knife does not face post-clearance fees. Participation cannot be guaranteed for entries held by customs.<\/p>\n<p><b data-stringify-type=\"bold\">EVALUATION &amp; AWARDS <\/b><b data-stringify-type=\"bold\">JURY AWARD CRITERIA<\/b><br>The pieces will be judged by a four-member expert panel based on the following criteria:<\/p>\n<\/div>\n<ul class=\"p-rich_text_list p-rich_text_list__bullet p-rich_text_list--nested\" data-stringify-type=\"unordered-list\" data-list-tree=\"true\" data-indent=\"0\" data-border=\"0\">\n<li data-stringify-indent=\"0\" data-stringify-border=\"0\">Craftsmanship quality<\/li>\n<li data-stringify-indent=\"0\" data-stringify-border=\"0\">Design<\/li>\n<li data-stringify-indent=\"0\" data-stringify-border=\"0\">Originality and consistency in execution<\/li>\n<\/ul>\n<div class=\"p-rich_text_section\">\n<p><b data-stringify-type=\"bold\">AUDIENCE AWARD VOTING<\/b><br>Each KNIFE visitor will receive one vote, which must be cast by&nbsp;<b data-stringify-type=\"bold\">Sunday, May 10, 2026, at 1:00 PM<\/b>. Voting will be based on personal preference.<\/p>\n<p><b data-stringify-type=\"bold\">AWARD CEREMONY<\/b><br>The two winning Khukris will be announced on&nbsp;<b data-stringify-type=\"bold\">Sunday, April 10, 2026, at 3:00 PM<\/b>&nbsp;at KNIFE.<\/p>\n<p><b data-stringify-type=\"bold\">PRIZE MONEY<\/b><\/p>\n<\/div>\n<ul class=\"p-rich_text_list p-rich_text_list__bullet p-rich_text_list--nested\" data-stringify-type=\"unordered-list\" data-list-tree=\"true\" data-indent=\"0\" data-border=\"0\">\n<li data-stringify-indent=\"0\" data-stringify-border=\"0\"><b data-stringify-type=\"bold\">Jury Award:<\/b> \u20ac2,000, sponsored by the Friends of the German Blade Museum Foundation. Additionally, the winner will receive a free exhibition table at KNIFE 2027 (the following year) if desired.<\/li>\n<li data-stringify-indent=\"0\" data-stringify-border=\"0\"><b data-stringify-type=\"bold\">Audience Award:<\/b>&nbsp;\u20ac2,000, sponsored by Knife Lounge (<a class=\"c-link\" href=\"http:\/\/www.knife-lounge.de\/\" target=\"_blank\" rel=\"noopener noreferrer\" data-stringify-link=\"http:\/\/www.knife-lounge.de\" data-sk=\"tooltip_parent\">www.knife-lounge.de<\/a>).<\/li>\n<\/ul>\n<div class=\"p-rich_text_section\"><b data-stringify-type=\"bold\">PRESENTATION<\/b><br>The submitted entries will be presented at KNIFE 2026 and returned after the fair. Alternatively, they may be collected in person after the award ceremony.<br>We look forward to receiving many unique Khukris &#8222;with a twist&#8220;!<\/div>\t\t\t\t\t\t\t\t<\/div>\n\t\t\t\t<\/div>\n\t\t\t\t<\/div>\n\t\t\t\t\t<\/div>\n\t\t\t\t<\/div>\n\t\t\t\t<\/div>\n\t\t","protected":false},"excerpt":{"rendered":"<p>KNIFE Award Knife Award Ausschreibung KNIFE Award 2026 KNIFE Award 2026: Khukri with a Twist! Das Khukri, die legend\u00e4re Klinge Nepals, ist eine der ber\u00fchmtesten Messerformen der Welt. F\u00fcr den KNIFE Award 2026 werden hochwertige, handgemachte Khukris gesucht \u2013 aber \u201ewith a twist\u201c: Jede Einreichung soll einen besonderen Dreh haben, der den traditionellen Typ erweitert [&hellip;]<\/p>\n","protected":false},"author":2,"featured_media":0,"parent":0,"menu_order":0,"comment_status":"closed","ping_status":"closed","template":"elementor_header_footer","meta":{"footnotes":""},"class_list":["post-2217","page","type-page","status-publish","hentry"],"_links":{"self":[{"href":"https:\/\/knife-solingen.eu\/en\/wp-json\/wp\/v2\/pages\/2217","targetHints":{"allow":["GET"]}}],"collection":[{"href":"https:\/\/knife-solingen.eu\/en\/wp-json\/wp\/v2\/pages"}],"about":[{"href":"https:\/\/knife-solingen.eu\/en\/wp-json\/wp\/v2\/types\/page"}],"author":[{"embeddable":true,"href":"https:\/\/knife-solingen.eu\/en\/wp-json\/wp\/v2\/users\/2"}],"replies":[{"embeddable":true,"href":"https:\/\/knife-solingen.eu\/en\/wp-json\/wp\/v2\/comments?post=2217"}],"version-history":[{"count":55,"href":"https:\/\/knife-solingen.eu\/en\/wp-json\/wp\/v2\/pages\/2217\/revisions"}],"predecessor-version":[{"id":3921,"href":"https:\/\/knife-solingen.eu\/en\/wp-json\/wp\/v2\/pages\/2217\/revisions\/3921"}],"wp:attachment":[{"href":"https:\/\/knife-solingen.eu\/en\/wp-json\/wp\/v2\/media?parent=2217"}],"curies":[{"name":"wp","href":"https:\/\/api.w.org\/{rel}","templated":true}]}}