{"id":986,"date":"2024-12-29T12:04:29","date_gmt":"2024-12-29T11:04:29","guid":{"rendered":"https:\/\/www.kraftvoll.digital\/clients\/knife_test\/cart\/"},"modified":"2025-03-26T20:05:44","modified_gmt":"2025-03-26T19:05:44","slug":"cart","status":"publish","type":"page","link":"https:\/\/knife-solingen.eu\/en\/cart\/","title":{"rendered":"Cart"},"content":{"rendered":"<div data-block-name=\"woocommerce\/cart\" class=\"wp-block-woocommerce-cart alignwide is-loading\">\n<div data-block-name=\"woocommerce\/filled-cart-block\" class=\"wp-block-woocommerce-filled-cart-block\">\n<div data-block-name=\"woocommerce\/cart-items-block\" class=\"wp-block-woocommerce-cart-items-block\">\n<div data-block-name=\"woocommerce\/cart-line-items-block\" class=\"wp-block-woocommerce-cart-line-items-block\"><\/div>\n\n\n\n<div data-block-name=\"woocommerce\/cart-cross-sells-block\" class=\"wp-block-woocommerce-cart-cross-sells-block\">\n<h2 class=\"wp-block-heading has-large-font-size\">You may be interested in\u2026<\/h2>\n\n\n\n<div data-block-name=\"woocommerce\/cart-cross-sells-products-block\" class=\"wp-block-woocommerce-cart-cross-sells-products-block\"><\/div>\n<\/div>\n<\/div>\n\n\n\n<div data-block-name=\"woocommerce\/cart-totals-block\" class=\"wp-block-woocommerce-cart-totals-block\"><div data-block-name=\"woocommerce-germanized\/cart-summary-item\" class=\"wp-block-woocommerce-germanized-cart-summary-item\"><\/div>\n<div data-block-name=\"woocommerce\/cart-order-summary-block\" class=\"wp-block-woocommerce-cart-order-summary-block\">\n<div data-block-name=\"woocommerce\/cart-order-summary-heading-block\" class=\"wp-block-woocommerce-cart-order-summary-heading-block\"><\/div><div data-block-name=\"woocommerce\/cart-order-summary-coupon-form-block\" class=\"wp-block-woocommerce-cart-order-summary-coupon-form-block\"><\/div><div data-block-name=\"woocommerce\/cart-order-summary-totals-block\" class=\"wp-block-woocommerce-cart-order-summary-totals-block\">\n<div data-block-name=\"woocommerce\/cart-order-summary-subtotal-block\" class=\"wp-block-woocommerce-cart-order-summary-subtotal-block\"><\/div>\n<div data-block-name=\"woocommerce\/cart-order-summary-discount-block\" class=\"wp-block-woocommerce-cart-order-summary-discount-block\"><\/div>\n<div data-block-name=\"woocommerce\/cart-order-summary-fee-block\" class=\"wp-block-woocommerce-cart-order-summary-fee-block\"><\/div>\n<div data-block-name=\"woocommerce\/cart-order-summary-shipping-block\" class=\"wp-block-woocommerce-cart-order-summary-shipping-block\"><\/div>\n<div data-block-name=\"woocommerce\/cart-order-summary-taxes-block\" class=\"wp-block-woocommerce-cart-order-summary-taxes-block\"><\/div><\/div>\n<\/div>\n\n\n\n<div data-block-name=\"woocommerce\/cart-express-payment-block\" class=\"wp-block-woocommerce-cart-express-payment-block\"><\/div>\n\n\n\n<div data-block-name=\"woocommerce\/proceed-to-checkout-block\" class=\"wp-block-woocommerce-proceed-to-checkout-block\"><\/div>\n\n\n\n<div data-block-name=\"woocommerce\/cart-accepted-payment-methods-block\" class=\"wp-block-woocommerce-cart-accepted-payment-methods-block\"><\/div>\n<\/div>\n<\/div>\n\n\n\n<div data-block-name=\"woocommerce\/empty-cart-block\" class=\"wp-block-woocommerce-empty-cart-block\">\n<h2 class=\"wp-block-heading has-text-align-center with-empty-cart-icon wc-block-cart__empty-cart__title\">Your cart is currently empty!<\/h2>\n\n\n\n<hr class=\"wp-block-separator has-alpha-channel-opacity is-style-dots\"\/>\n\n\n\n<h2 class=\"wp-block-heading has-text-align-center\">New in store<\/h2>\n\n\n<div data-block-name=\"woocommerce\/product-new\" data-columns=\"4\" data-rows=\"1\" class=\"wc-block-grid wp-block-product-new wp-block-woocommerce-product-new wc-block-product-new has-4-columns\"><ul class=\"wc-block-grid__products\"><li class=\"wc-block-grid__product\">\n\t\t\t\t<a href=\"https:\/\/knife-solingen.eu\/en\/event\/werbebanner-in-halle\/\" class=\"wc-block-grid__product-link\">\n\t\t\t\t\t\n\t\t\t\t\t<div class=\"wc-block-grid__product-image\"><img fetchpriority=\"high\" decoding=\"async\" width=\"300\" height=\"300\" src=\"https:\/\/knife-solingen.eu\/wp-content\/uploads\/2026\/01\/Hangende-Banner2-300x300.png\" class=\"attachment-woocommerce_thumbnail size-woocommerce_thumbnail\" alt=\"Werbebanner in Halle (inkl. Bannerproduktion)\" srcset=\"https:\/\/knife-solingen.eu\/wp-content\/uploads\/2026\/01\/Hangende-Banner2-300x300.png 300w, https:\/\/knife-solingen.eu\/wp-content\/uploads\/2026\/01\/Hangende-Banner2-1024x1024.png 1024w, https:\/\/knife-solingen.eu\/wp-content\/uploads\/2026\/01\/Hangende-Banner2-150x150.png 150w, https:\/\/knife-solingen.eu\/wp-content\/uploads\/2026\/01\/Hangende-Banner2-12x12.png 12w, https:\/\/knife-solingen.eu\/wp-content\/uploads\/2026\/01\/Hangende-Banner2-600x600.png 600w, https:\/\/knife-solingen.eu\/wp-content\/uploads\/2026\/01\/Hangende-Banner2.png 1200w\" sizes=\"(max-width: 300px) 100vw, 300px\" itemprop=\"image\"><\/div>\n\t\t\t\t\t<div class=\"wc-block-grid__product-title\">Werbebanner in Halle (inkl. Bannerproduktion)<\/div>\n\t\t\t\t<\/a>\n\t\t\t\t<div class=\"wc-block-grid__product-price price\"><span class=\"woocommerce-Price-amount amount\">189,00&nbsp;<span class=\"woocommerce-Price-currencySymbol\">&euro;<\/span><\/span><\/div><p class=\"wc-gzd-additional-info wc-gzd-additional-info-loop tax-info\">excl. 19% VAT<\/p>\n\t\t\t\t\n\t\t\t\t<div class=\"wp-block-button wc-block-grid__product-add-to-cart\"><a href=\"\/en\/wp-json\/wp\/v2\/pages\/986?add-to-cart=3607\" aria-label=\"Add to cart: \u201cWerbebanner in Halle (inkl. Bannerproduktion)\u201d\" data-quantity=\"1\" data-product_id=\"3607\" data-product_sku=\"8\" data-price=\"189\" rel=\"nofollow\" class=\"wp-block-button__link  add_to_cart_button ajax_add_to_cart\" data-no-translation=\"\" data-trp-gettext=\"\" data-no-translation-aria-label=\"\">Add to cart<\/a><\/div>\n\t\t\t<\/li>\n<li class=\"wc-block-grid__product\">\n\t\t\t\t<a href=\"https:\/\/knife-solingen.eu\/en\/event\/stand-booth-middle-1x-3m3m-2x-6m3m-3x-9m3m\/\" class=\"wc-block-grid__product-link\">\n\t\t\t\t\t\n\t\t\t\t\t<div class=\"wc-block-grid__product-image\"><img decoding=\"async\" width=\"300\" height=\"300\" src=\"data:image\/svg+xml;charset=utf-8,%3Csvg%20xmlns%3D'http%3A%2F%2Fwww.w3.org%2F2000%2Fsvg'%20viewBox%3D'0%200%20300%20300'%2F%3E\" class=\"attachment-woocommerce_thumbnail size-woocommerce_thumbnail ld-lazyload\" alt=\"Stand | 3 m Tiefe | Hallenmitte\" itemprop=\"image\" data-src=\"https:\/\/knife-solingen.eu\/wp-content\/uploads\/2025\/12\/Messestand-3x3-1-300x300.png\" data-srcset=\"https:\/\/knife-solingen.eu\/wp-content\/uploads\/2025\/12\/Messestand-3x3-1-300x300.png 300w, https:\/\/knife-solingen.eu\/wp-content\/uploads\/2025\/12\/Messestand-3x3-1-1024x1024.png 1024w, https:\/\/knife-solingen.eu\/wp-content\/uploads\/2025\/12\/Messestand-3x3-1-150x150.png 150w, https:\/\/knife-solingen.eu\/wp-content\/uploads\/2025\/12\/Messestand-3x3-1-12x12.png 12w, https:\/\/knife-solingen.eu\/wp-content\/uploads\/2025\/12\/Messestand-3x3-1-600x600.png 600w, https:\/\/knife-solingen.eu\/wp-content\/uploads\/2025\/12\/Messestand-3x3-1-460x460.png 460w, https:\/\/knife-solingen.eu\/wp-content\/uploads\/2025\/12\/Messestand-3x3-1.png 1200w\" data-sizes=\"(max-width: 300px) 100vw, 300px\" data-aspect=\"1\"><\/div>\n\t\t\t\t\t<div class=\"wc-block-grid__product-title\">Stand | 3 m depth | middle of hall<\/div>\n\t\t\t\t<\/a>\n\t\t\t\t<div class=\"wc-block-grid__product-price price\"><span class=\"woocommerce-Price-amount amount\">945,00&nbsp;<span class=\"woocommerce-Price-currencySymbol\">&euro;<\/span><\/span><\/div><p class=\"wc-gzd-additional-info wc-gzd-additional-info-loop tax-info\">excl. 19% VAT<\/p>\n\t\t\t\t\n\t\t\t\t<div class=\"wp-block-button wc-block-grid__product-add-to-cart\"><a href=\"https:\/\/knife-solingen.eu\/en\/event\/stand-booth-middle-1x-3m3m-2x-6m3m-3x-9m3m\/\" aria-label=\"Read more about \u201cStand | 3 m Tiefe | Hallenmitte\u201d\" data-quantity=\"1\" data-product_id=\"3464\" data-product_sku=\"1001\" data-price=\"945\" rel=\"nofollow\" class=\"wp-block-button__link  add_to_cart_button\" data-no-translation=\"\" data-trp-gettext=\"\" data-no-translation-aria-label=\"\">Read more<\/a><\/div>\n\t\t\t<\/li>\n<li class=\"wc-block-grid__product\">\n\t\t\t\t<a href=\"https:\/\/knife-solingen.eu\/en\/event\/messewaende-lagerraum\/\" class=\"wc-block-grid__product-link\">\n\t\t\t\t\t\n\t\t\t\t\t<div class=\"wc-block-grid__product-image\"><img decoding=\"async\" width=\"300\" height=\"300\" src=\"data:image\/svg+xml;charset=utf-8,%3Csvg%20xmlns%3D'http%3A%2F%2Fwww.w3.org%2F2000%2Fsvg'%20viewBox%3D'0%200%20300%20300'%2F%3E\" class=\"attachment-woocommerce_thumbnail size-woocommerce_thumbnail ld-lazyload\" alt=\"Messew&auml;nde &amp; Lagerraum (nur f&uuml;r St&auml;nde)\" itemprop=\"image\" data-src=\"https:\/\/knife-solingen.eu\/wp-content\/uploads\/2026\/01\/Standbau-Kategorie-PIC-300x300.png\" data-srcset=\"https:\/\/knife-solingen.eu\/wp-content\/uploads\/2026\/01\/Standbau-Kategorie-PIC-300x300.png 300w, https:\/\/knife-solingen.eu\/wp-content\/uploads\/2026\/01\/Standbau-Kategorie-PIC-1024x1024.png 1024w, https:\/\/knife-solingen.eu\/wp-content\/uploads\/2026\/01\/Standbau-Kategorie-PIC-150x150.png 150w, https:\/\/knife-solingen.eu\/wp-content\/uploads\/2026\/01\/Standbau-Kategorie-PIC-12x12.png 12w, https:\/\/knife-solingen.eu\/wp-content\/uploads\/2026\/01\/Standbau-Kategorie-PIC-600x600.png 600w, https:\/\/knife-solingen.eu\/wp-content\/uploads\/2026\/01\/Standbau-Kategorie-PIC-460x460.png 460w, https:\/\/knife-solingen.eu\/wp-content\/uploads\/2026\/01\/Standbau-Kategorie-PIC.png 1200w\" data-sizes=\"(max-width: 300px) 100vw, 300px\" data-aspect=\"1\"><\/div>\n\t\t\t\t\t<div class=\"wc-block-grid__product-title\">Messew&auml;nde &amp; Lagerraum (nur f&uuml;r St&auml;nde)<\/div>\n\t\t\t\t<\/a>\n\t\t\t\t<div class=\"wc-block-grid__product-price price\"><span class=\"woocommerce-Price-amount amount\">0,00&nbsp;<span class=\"woocommerce-Price-currencySymbol\">&euro;<\/span><\/span> &ndash; <span class=\"woocommerce-Price-amount amount\">510,00&nbsp;<span class=\"woocommerce-Price-currencySymbol\">&euro;<\/span><\/span><\/div><p class=\"wc-gzd-additional-info wc-gzd-additional-info-loop tax-info\">excl. VAT<\/p>\n\t\t\t\t\n\t\t\t\t<div class=\"wp-block-button wc-block-grid__product-add-to-cart\"><a href=\"https:\/\/knife-solingen.eu\/en\/event\/messewaende-lagerraum\/\" aria-label=\"Select options for \u201cMessew\u00e4nde &amp; Lagerraum (nur f\u00fcr St\u00e4nde)\u201d\" data-quantity=\"1\" data-product_id=\"3379\" data-product_sku=\"\" data-price=\"0\" rel=\"nofollow\" class=\"wp-block-button__link  add_to_cart_button\" data-no-translation=\"\" data-trp-gettext=\"\" data-no-translation-aria-label=\"\">Select options<\/a><\/div>\n\t\t\t<\/li>\n<li class=\"wc-block-grid__product\">\n\t\t\t\t<a href=\"https:\/\/knife-solingen.eu\/en\/event\/stand-booth-wand-wall-25m25m-5m25m-75m25m\/\" class=\"wc-block-grid__product-link\">\n\t\t\t\t\t\n\t\t\t\t\t<div class=\"wc-block-grid__product-image\"><img loading=\"lazy\" decoding=\"async\" width=\"300\" height=\"300\" src=\"data:image\/svg+xml;charset=utf-8,%3Csvg%20xmlns%3D'http%3A%2F%2Fwww.w3.org%2F2000%2Fsvg'%20viewBox%3D'0%200%20300%20300'%2F%3E\" class=\"attachment-woocommerce_thumbnail size-woocommerce_thumbnail ld-lazyload\" alt=\"Stand | 2,5 m Tiefe | Hallenrand\" itemprop=\"image\" data-src=\"https:\/\/knife-solingen.eu\/wp-content\/uploads\/2025\/12\/Messestand-25x25-1-300x300.png\" data-srcset=\"https:\/\/knife-solingen.eu\/wp-content\/uploads\/2025\/12\/Messestand-25x25-1-300x300.png 300w, https:\/\/knife-solingen.eu\/wp-content\/uploads\/2025\/12\/Messestand-25x25-1-1024x1024.png 1024w, https:\/\/knife-solingen.eu\/wp-content\/uploads\/2025\/12\/Messestand-25x25-1-150x150.png 150w, https:\/\/knife-solingen.eu\/wp-content\/uploads\/2025\/12\/Messestand-25x25-1-12x12.png 12w, https:\/\/knife-solingen.eu\/wp-content\/uploads\/2025\/12\/Messestand-25x25-1-600x600.png 600w, https:\/\/knife-solingen.eu\/wp-content\/uploads\/2025\/12\/Messestand-25x25-1-460x460.png 460w, https:\/\/knife-solingen.eu\/wp-content\/uploads\/2025\/12\/Messestand-25x25-1.png 1200w\" data-sizes=\"(max-width: 300px) 100vw, 300px\" data-aspect=\"1\"><\/div>\n\t\t\t\t\t<div class=\"wc-block-grid__product-title\">Stand | 2,5 m depth | hall walls<\/div>\n\t\t\t\t<\/a>\n\t\t\t\t<div class=\"wc-block-grid__product-price price\"><span class=\"woocommerce-Price-amount amount\">656,25&nbsp;<span class=\"woocommerce-Price-currencySymbol\">&euro;<\/span><\/span><\/div><p class=\"wc-gzd-additional-info wc-gzd-additional-info-loop tax-info\">excl. 19% VAT<\/p>\n\t\t\t\t\n\t\t\t\t<div class=\"wp-block-button wc-block-grid__product-add-to-cart\"><a href=\"https:\/\/knife-solingen.eu\/en\/event\/stand-booth-wand-wall-25m25m-5m25m-75m25m\/\" aria-label=\"Read more about \u201cStand | 2,5 m Tiefe | Hallenrand\u201d\" data-quantity=\"1\" data-product_id=\"3410\" data-product_sku=\"1002\" data-price=\"656.25\" rel=\"nofollow\" class=\"wp-block-button__link  add_to_cart_button\" data-no-translation=\"\" data-trp-gettext=\"\" data-no-translation-aria-label=\"\">Read more<\/a><\/div>\n\t\t\t<\/li>\n<\/ul><\/div><\/div>\n<\/div>","protected":false},"excerpt":{"rendered":"","protected":false},"author":1,"featured_media":0,"parent":0,"menu_order":0,"comment_status":"closed","ping_status":"closed","template":"","meta":{"footnotes":""},"class_list":["post-986","page","type-page","status-publish","hentry"],"_links":{"self":[{"href":"https:\/\/knife-solingen.eu\/en\/wp-json\/wp\/v2\/pages\/986","targetHints":{"allow":["GET"]}}],"collection":[{"href":"https:\/\/knife-solingen.eu\/en\/wp-json\/wp\/v2\/pages"}],"about":[{"href":"https:\/\/knife-solingen.eu\/en\/wp-json\/wp\/v2\/types\/page"}],"author":[{"embeddable":true,"href":"https:\/\/knife-solingen.eu\/en\/wp-json\/wp\/v2\/users\/1"}],"replies":[{"embeddable":true,"href":"https:\/\/knife-solingen.eu\/en\/wp-json\/wp\/v2\/comments?post=986"}],"version-history":[{"count":1,"href":"https:\/\/knife-solingen.eu\/en\/wp-json\/wp\/v2\/pages\/986\/revisions"}],"predecessor-version":[{"id":1038,"href":"https:\/\/knife-solingen.eu\/en\/wp-json\/wp\/v2\/pages\/986\/revisions\/1038"}],"wp:attachment":[{"href":"https:\/\/knife-solingen.eu\/en\/wp-json\/wp\/v2\/media?parent=986"}],"curies":[{"name":"wp","href":"https:\/\/api.w.org\/{rel}","templated":true}]}}