{"id":3371,"date":"2025-12-29T15:44:43","date_gmt":"2025-12-29T14:44:43","guid":{"rendered":"https:\/\/knife-solingen.eu\/?post_type=product&#038;p=3371"},"modified":"2026-01-30T12:45:44","modified_gmt":"2026-01-30T11:45:44","slug":"polsterstuhl-schwarz","status":"publish","type":"product","link":"https:\/\/knife-solingen.eu\/en\/event\/polsterstuhl-schwarz\/","title":{"rendered":"Upholstered chair (black)"},"content":{"rendered":"<p><strong>Required for stands. <\/strong><\/p>\n<p>Exhibitor tables already include chairs:<br \/>\n&#8211; Tisch 120cm x 8cm<br \/>\n&#8211; 1x Tisch &#8211; 2 St\u00fchle<br \/>\n&#8211; 2x Tisch &#8211; 3 St\u00fchle<br \/>\n&#8211; 4x Tisch &#8211; 4 St\u00fchle<\/p>\n<p>If you require a fifth chair for your tables, please feel free to book this chair as well.<\/p>","protected":false},"excerpt":{"rendered":"<p>F\u00fcr St\u00e4nde notwendig. Ausstellertische enthalten bereits St\u00fchle: &#8211; Tisch 120cm x 8cm &#8211; 1x Tisch &#8211; 2 St\u00fchle &#8211; 2x Tisch &#8211; 3 St\u00fchle &#8211; 4x Tisch &#8211; 4 St\u00fchle Falls sie einen 5. Stuhl f\u00fcr ihre Tische ben\u00f6tigen, buchen Sie sich gerne diesen Stuhl dazu.<\/p>","protected":false},"featured_media":3462,"template":"","meta":[],"product_brand":[],"product_cat":[93,95],"product_tag":[],"class_list":{"0":"post-3371","1":"product","2":"type-product","3":"status-publish","4":"has-post-thumbnail","6":"product_cat-knife2026shop","7":"product_cat-standbau-ausstattung-stand-construction-equipment","9":"first","10":"instock","11":"taxable","12":"shipping-taxable","13":"purchasable","14":"product-type-simple"},"group_of_quantity":0,"min_quantity":0,"max_quantity":"","exclude_order_quantity_value_rules":"no","exclude_category_quantity_rules":"no","combine_variations":"no","_links":{"self":[{"href":"https:\/\/knife-solingen.eu\/en\/wp-json\/wp\/v2\/product\/3371","targetHints":{"allow":["GET"]}}],"collection":[{"href":"https:\/\/knife-solingen.eu\/en\/wp-json\/wp\/v2\/product"}],"about":[{"href":"https:\/\/knife-solingen.eu\/en\/wp-json\/wp\/v2\/types\/product"}],"wp:featuredmedia":[{"embeddable":true,"href":"https:\/\/knife-solingen.eu\/en\/wp-json\/wp\/v2\/media\/3462"}],"wp:attachment":[{"href":"https:\/\/knife-solingen.eu\/en\/wp-json\/wp\/v2\/media?parent=3371"}],"wp:term":[{"taxonomy":"product_brand","embeddable":true,"href":"https:\/\/knife-solingen.eu\/en\/wp-json\/wp\/v2\/product_brand?post=3371"},{"taxonomy":"product_cat","embeddable":true,"href":"https:\/\/knife-solingen.eu\/en\/wp-json\/wp\/v2\/product_cat?post=3371"},{"taxonomy":"product_tag","embeddable":true,"href":"https:\/\/knife-solingen.eu\/en\/wp-json\/wp\/v2\/product_tag?post=3371"}],"curies":[{"name":"wp","href":"https:\/\/api.w.org\/{rel}","templated":true}]}}